{"id":1194,"date":"2023-12-14T15:16:31","date_gmt":"2023-12-14T14:16:31","guid":{"rendered":"https:\/\/mpfred.com\/?post_type=product&#038;p=1194"},"modified":"2025-08-01T10:42:43","modified_gmt":"2025-08-01T09:42:43","slug":"cbxt-z-ventilador-simple-oido-media-presion-con-caja-400oc-2h-trasiego","status":"publish","type":"product","link":"https:\/\/mpfred.com\/es\/producte\/cbxt-z-ventilador-simple-oido-media-presion-con-caja-400oc-2h-trasiego\/","title":{"rendered":"CBXT-Z Ventilador Simple O\u00eddo, Media Presi\u00f3n, con Caja 400\u00baC\/2h TRASIEGO"},"content":{"rendered":"<ul>\n<li>Cajas de ventilaci\u00f3n 400\u00baC\/2h equipadas con ventiladores de rodete de reacci\u00f3n, palas hacia atr\u00e1s, media-alta presi\u00f3n, simple o\u00eddo, transmisi\u00f3n por poleas y correas.<\/li>\n<li>Construidas en chapa de acero galvanizado y aisladas t\u00e9rmica y ac\u00fasticamente.<\/li>\n<li>Certificado Applus N\u00ba 0370-CPR-3421 (EN12101-3:2016).<\/li>\n<\/ul>\n<p><a href=\"https:\/\/mpfred.com\/wp-content\/uploads\/2023\/12\/18-EXTRACCCION-F400-TRASIEGO-CBXT_Z-SA_compressed.pdf\" target=\"_blank\" rel=\"noopener\"><img loading=\"lazy\" decoding=\"async\" class=\"alignnone wp-image-355 size-full\" src=\"https:\/\/mpfred.com\/wp-content\/uploads\/2023\/11\/pdf.png\" alt=\"\" width=\"64\" height=\"64\" \/><\/a><\/p>\n<p style=\"text-align: left;\">\u00a0 \u00a0 \u00a0 \u00a0 <a href=\"https:\/\/mpfred.com\/wp-content\/uploads\/2023\/12\/18-EXTRACCCION-F400-TRASIEGO-CBXT_Z-SA_compressed.pdf\" target=\"_blank\" rel=\"noopener\">Cat\u00e0leg PDF<\/a><\/p>\n","protected":false},"excerpt":{"rendered":"<p>Cajas de ventilaci\u00f3n 400\u00baC\/2h equipadas con ventiladores de rodete de reacci\u00f3n, palas hacia atr\u00e1s, media-alta presi\u00f3n, simple o\u00eddo, transmisi\u00f3n por poleas y correas. Construidas en chapa de acero galvanizado y aisladas t\u00e9rmica y ac\u00fasticamente. Certificado Applus N\u00ba 0370-CPR-3421 (EN12101-3:2016). \u00a0 \u00a0 \u00a0 \u00a0 Cat\u00e0leg PDF<\/p>\n","protected":false},"featured_media":1199,"template":"","meta":{"_seopress_robots_primary_cat":"none","_seopress_titles_title":"","_seopress_titles_desc":"","_seopress_robots_index":""},"product_brand":[136],"product_cat":[99,76],"product_tag":[],"class_list":{"0":"post-1194","1":"product","2":"type-product","3":"status-publish","4":"has-post-thumbnail","6":"product_brand-luymar","7":"product_cat-extrac-400o","8":"product_cat-ventiladors","10":"first","11":"instock","12":"featured","13":"shipping-taxable","14":"product-type-simple"},"_links":{"self":[{"href":"https:\/\/mpfred.com\/es\/wp-json\/wp\/v2\/product\/1194","targetHints":{"allow":["GET"]}}],"collection":[{"href":"https:\/\/mpfred.com\/es\/wp-json\/wp\/v2\/product"}],"about":[{"href":"https:\/\/mpfred.com\/es\/wp-json\/wp\/v2\/types\/product"}],"wp:featuredmedia":[{"embeddable":true,"href":"https:\/\/mpfred.com\/es\/wp-json\/wp\/v2\/media\/1199"}],"wp:attachment":[{"href":"https:\/\/mpfred.com\/es\/wp-json\/wp\/v2\/media?parent=1194"}],"wp:term":[{"taxonomy":"product_brand","embeddable":true,"href":"https:\/\/mpfred.com\/es\/wp-json\/wp\/v2\/product_brand?post=1194"},{"taxonomy":"product_cat","embeddable":true,"href":"https:\/\/mpfred.com\/es\/wp-json\/wp\/v2\/product_cat?post=1194"},{"taxonomy":"product_tag","embeddable":true,"href":"https:\/\/mpfred.com\/es\/wp-json\/wp\/v2\/product_tag?post=1194"}],"curies":[{"name":"wp","href":"https:\/\/api.w.org\/{rel}","templated":true}]}}