{"id":1189,"date":"2023-12-14T15:12:15","date_gmt":"2023-12-14T14:12:15","guid":{"rendered":"https:\/\/mpfred.com\/?post_type=product&#038;p=1189"},"modified":"2025-08-01T10:42:43","modified_gmt":"2025-08-01T09:42:43","slug":"txsk-extractor-centrifugo-de-tejado-400oc-2h-trasiego","status":"publish","type":"product","link":"https:\/\/mpfred.com\/es\/producte\/txsk-extractor-centrifugo-de-tejado-400oc-2h-trasiego\/","title":{"rendered":"TXSK Extractor Centr\u00edfugo de Tejado 400\u00baC\/2h TRASIEGO"},"content":{"rendered":"<ul>\n<li>Turbina con alabes a reacci\u00f3n, en chapa de acero, para extracci\u00f3n de humo.<\/li>\n<li>Rejilla de protecci\u00f3n anti-p\u00e1jaros.<\/li>\n<li>Base soporte en chapa galvanizada, sombrerete deflector de lluvia.<\/li>\n<li>Homologaci\u00f3n seg\u00fan norma EN-12101-3-2002.<\/li>\n<li>Motor IE3 clase F, con rodamiento a bolas, protecci\u00f3n IP55.<\/li>\n<li>Temperatura m\u00e1xima del aire a transportar en continuo: -25\u00baC \/ +120\u00baC.<\/li>\n<li>Bajo pedido: salida vertical, certificaci\u00f3n ATEX cat. 3, motores para tensiones diferentes.<\/li>\n<\/ul>\n<p><a href=\"https:\/\/mpfred.com\/wp-content\/uploads\/2023\/12\/20-EXTRACCION-F400-TRASIGO-TXSK_2_compressed.pdf\" target=\"_blank\" rel=\"noopener\"><img loading=\"lazy\" decoding=\"async\" class=\"alignnone wp-image-355 size-full\" src=\"https:\/\/mpfred.com\/wp-content\/uploads\/2023\/11\/pdf.png\" alt=\"\" width=\"64\" height=\"64\" \/><\/a><\/p>\n<p style=\"text-align: left;\">\u00a0 \u00a0 \u00a0 \u00a0 <a href=\"https:\/\/mpfred.com\/wp-content\/uploads\/2023\/12\/20-EXTRACCION-F400-TRASIGO-TXSK_2_compressed.pdf\" target=\"_blank\" rel=\"noopener\">Cat\u00e0leg PDF<\/a><\/p>\n","protected":false},"excerpt":{"rendered":"<p>Turbina con alabes a reacci\u00f3n, en chapa de acero, para extracci\u00f3n de humo. Rejilla de protecci\u00f3n anti-p\u00e1jaros. Base soporte en chapa galvanizada, sombrerete deflector de lluvia. Homologaci\u00f3n seg\u00fan norma EN-12101-3-2002. Motor IE3 clase F, con rodamiento a bolas, protecci\u00f3n IP55. Temperatura m\u00e1xima del aire a transportar en continuo: -25\u00baC \/ +120\u00baC. Bajo pedido: salida vertical, [&hellip;]<\/p>\n","protected":false},"featured_media":1190,"template":"","meta":{"_seopress_robots_primary_cat":"none","_seopress_titles_title":"","_seopress_titles_desc":"","_seopress_robots_index":""},"product_brand":[136],"product_cat":[99,76],"product_tag":[],"class_list":{"0":"post-1189","1":"product","2":"type-product","3":"status-publish","4":"has-post-thumbnail","6":"product_brand-luymar","7":"product_cat-extrac-400o","8":"product_cat-ventiladors","10":"first","11":"instock","12":"featured","13":"shipping-taxable","14":"product-type-simple"},"_links":{"self":[{"href":"https:\/\/mpfred.com\/es\/wp-json\/wp\/v2\/product\/1189","targetHints":{"allow":["GET"]}}],"collection":[{"href":"https:\/\/mpfred.com\/es\/wp-json\/wp\/v2\/product"}],"about":[{"href":"https:\/\/mpfred.com\/es\/wp-json\/wp\/v2\/types\/product"}],"wp:featuredmedia":[{"embeddable":true,"href":"https:\/\/mpfred.com\/es\/wp-json\/wp\/v2\/media\/1190"}],"wp:attachment":[{"href":"https:\/\/mpfred.com\/es\/wp-json\/wp\/v2\/media?parent=1189"}],"wp:term":[{"taxonomy":"product_brand","embeddable":true,"href":"https:\/\/mpfred.com\/es\/wp-json\/wp\/v2\/product_brand?post=1189"},{"taxonomy":"product_cat","embeddable":true,"href":"https:\/\/mpfred.com\/es\/wp-json\/wp\/v2\/product_cat?post=1189"},{"taxonomy":"product_tag","embeddable":true,"href":"https:\/\/mpfred.com\/es\/wp-json\/wp\/v2\/product_tag?post=1189"}],"curies":[{"name":"wp","href":"https:\/\/api.w.org\/{rel}","templated":true}]}}