{"id":1184,"date":"2023-12-14T15:08:45","date_gmt":"2023-12-14T14:08:45","guid":{"rendered":"https:\/\/mpfred.com\/?post_type=product&#038;p=1184"},"modified":"2025-08-01T10:42:43","modified_gmt":"2025-08-01T09:42:43","slug":"cxm-sa-f-400-caja-de-ventilacion-radial-400oc-2h-trasiego","status":"publish","type":"product","link":"https:\/\/mpfred.com\/es\/producte\/cxm-sa-f-400-caja-de-ventilacion-radial-400oc-2h-trasiego\/","title":{"rendered":"CXM-SA F-400 Caja de Ventilaci\u00f3n Radial 400\u00baC\/2h TRASIEGO"},"content":{"rendered":"<ul>\n<li>Serie compuesta por 9 di\u00e1metros desde 450 hasta 1.250, provista de motores de 4 y 6 polos 400\u00b0C\/2h trif\u00e1sicos.<\/li>\n<li>Extractor industrial de alta temperatura.<br \/>\n400\u00b0C\/2h (F-400).<\/li>\n<li>Carcasa insonorizada, 40 mm (opcional).<\/li>\n<li>Velocidad regulable.<\/li>\n<li>Bajo nivel sonoro.<\/li>\n<li>Homologaci\u00f3n seg\u00fan norma EN 12101-3, LGAI Barcelona.<\/li>\n<\/ul>\n<p>Los ventiladores CXM-SA est\u00e1n especialmente dise\u00f1ados para cocinas industriales. Se utilizan para la evacuaci\u00f3n de humos, 400\u00b0C\/2h y tambi\u00e9n para extracci\u00f3n continuo de aire de hasta 120\u00b0C. Los ventiladores CXM-SA incluyen rodetes con palas\u00a0hacia atr\u00e1s, fabricado de acero galvanizado excepto del tama\u00f1o\u00a0355 que dispone de un rodete de acero pintado (RAL 9005).<\/p>\n<p>Tanto las palas hacia atr\u00e1s como la puerta de acceso facilita la inspecci\u00f3n, revisi\u00f3n y limpieza. El sentido de apertura de la puerta puede modificarse f\u00e1cilmente de un lado a otro en el mismo emplazamiento de la instalaci\u00f3n. El ventilador dispone de dos capas de chapa de acero galvanizado con 40 mm de lana mineral. Para evitar el sobrecalentamiento del motor, los ventiladores incluyen termocontactos integrados con salida de cables para su conexi\u00f3n a un dispositivo externo de protecci\u00f3n.<br \/>\nCXM-SA 280 D2 &amp; 280 D2-4 tienen la protecci\u00f3n del motor integrado.<\/p>\n<p><a href=\"https:\/\/mpfred.com\/wp-content\/uploads\/2023\/12\/19-EXTRACCION-F400-TRASIEGO-CXM_SA_compressed.pdf\" target=\"_blank\" rel=\"noopener\"><img loading=\"lazy\" decoding=\"async\" class=\"alignnone wp-image-355 size-full\" src=\"https:\/\/mpfred.com\/wp-content\/uploads\/2023\/11\/pdf.png\" alt=\"\" width=\"64\" height=\"64\" \/><\/a><\/p>\n<p style=\"text-align: left;\">\u00a0 \u00a0 \u00a0 \u00a0 <a href=\"https:\/\/mpfred.com\/wp-content\/uploads\/2023\/12\/19-EXTRACCION-F400-TRASIEGO-CXM_SA_compressed.pdf\" target=\"_blank\" rel=\"noopener\">Cat\u00e0leg PDF<\/a><\/p>\n","protected":false},"excerpt":{"rendered":"<p>Serie compuesta por 9 di\u00e1metros desde 450 hasta 1.250, provista de motores de 4 y 6 polos 400\u00b0C\/2h trif\u00e1sicos. Extractor industrial de alta temperatura. 400\u00b0C\/2h (F-400). Carcasa insonorizada, 40 mm (opcional). Velocidad regulable. Bajo nivel sonoro. Homologaci\u00f3n seg\u00fan norma EN 12101-3, LGAI Barcelona. Los ventiladores CXM-SA est\u00e1n especialmente dise\u00f1ados para cocinas industriales. Se utilizan para [&hellip;]<\/p>\n","protected":false},"featured_media":1185,"template":"","meta":{"_seopress_robots_primary_cat":"none","_seopress_titles_title":"","_seopress_titles_desc":"","_seopress_robots_index":""},"product_brand":[136],"product_cat":[99,76],"product_tag":[],"class_list":{"0":"post-1184","1":"product","2":"type-product","3":"status-publish","4":"has-post-thumbnail","6":"product_brand-luymar","7":"product_cat-extrac-400o","8":"product_cat-ventiladors","10":"first","11":"instock","12":"featured","13":"shipping-taxable","14":"product-type-simple"},"_links":{"self":[{"href":"https:\/\/mpfred.com\/es\/wp-json\/wp\/v2\/product\/1184","targetHints":{"allow":["GET"]}}],"collection":[{"href":"https:\/\/mpfred.com\/es\/wp-json\/wp\/v2\/product"}],"about":[{"href":"https:\/\/mpfred.com\/es\/wp-json\/wp\/v2\/types\/product"}],"wp:featuredmedia":[{"embeddable":true,"href":"https:\/\/mpfred.com\/es\/wp-json\/wp\/v2\/media\/1185"}],"wp:attachment":[{"href":"https:\/\/mpfred.com\/es\/wp-json\/wp\/v2\/media?parent=1184"}],"wp:term":[{"taxonomy":"product_brand","embeddable":true,"href":"https:\/\/mpfred.com\/es\/wp-json\/wp\/v2\/product_brand?post=1184"},{"taxonomy":"product_cat","embeddable":true,"href":"https:\/\/mpfred.com\/es\/wp-json\/wp\/v2\/product_cat?post=1184"},{"taxonomy":"product_tag","embeddable":true,"href":"https:\/\/mpfred.com\/es\/wp-json\/wp\/v2\/product_tag?post=1184"}],"curies":[{"name":"wp","href":"https:\/\/api.w.org\/{rel}","templated":true}]}}