{"id":1178,"date":"2023-12-14T15:05:13","date_gmt":"2023-12-14T14:05:13","guid":{"rendered":"https:\/\/mpfred.com\/?post_type=product&#038;p=1178"},"modified":"2025-08-01T10:42:43","modified_gmt":"2025-08-01T09:42:43","slug":"cbxt-sa-caja-de-ventilacion-a-transmision-de-simple-oido-400oc-2h-trasiego","status":"publish","type":"product","link":"https:\/\/mpfred.com\/es\/producte\/cbxt-sa-caja-de-ventilacion-a-transmision-de-simple-oido-400oc-2h-trasiego\/","title":{"rendered":"CBXT-SA Caja de Ventilaci\u00f3n a Transmisi\u00f3n de Simple O\u00eddo, 400\u00baC\/2h TRASIEGO"},"content":{"rendered":"<ul>\n<li>Cajas de ventilaci\u00f3n construidas en chapa de acero galvanizado equipadas con ventiladores centr\u00edfugos de baja presi\u00f3n, simple o\u00eddo 400\u00b0C, a transmisi\u00f3n por poleas.<\/li>\n<li>Certificado Applus N\u00ba 0370-CPR-3420 (EN12101-3:2016).<\/li>\n<li>Aislamiento interior t\u00e9rmico y ac\u00fastico con espuma no inflamable M1.<\/li>\n<li>Ventilador montado sobre soportes anti-vibratorios y junta flexible 400\u00b0C\/2h en admisi\u00f3n y descarga.<\/li>\n<li>Con tapas de registro para acceder al ventilador y motor.<\/li>\n<li>Bajo demanda se pude suministrar el ventilador con descarga vertical.<\/li>\n<\/ul>\n<p><a href=\"https:\/\/mpfred.com\/wp-content\/uploads\/2023\/12\/17-EXTRACCION-F400-TRASIEGO-CBXT_SA_compressed.pdf\" target=\"_blank\" rel=\"noopener\"><img loading=\"lazy\" decoding=\"async\" class=\"alignnone wp-image-355 size-full\" src=\"https:\/\/mpfred.com\/wp-content\/uploads\/2023\/11\/pdf.png\" alt=\"\" width=\"64\" height=\"64\" \/><\/a><\/p>\n<p style=\"text-align: left;\">\u00a0 \u00a0 \u00a0 \u00a0 <a href=\"https:\/\/mpfred.com\/wp-content\/uploads\/2023\/12\/17-EXTRACCION-F400-TRASIEGO-CBXT_SA_compressed.pdf\" target=\"_blank\" rel=\"noopener\">Cat\u00e0leg PDF<\/a><\/p>\n","protected":false},"excerpt":{"rendered":"<p>Cajas de ventilaci\u00f3n construidas en chapa de acero galvanizado equipadas con ventiladores centr\u00edfugos de baja presi\u00f3n, simple o\u00eddo 400\u00b0C, a transmisi\u00f3n por poleas. Certificado Applus N\u00ba 0370-CPR-3420 (EN12101-3:2016). Aislamiento interior t\u00e9rmico y ac\u00fastico con espuma no inflamable M1. Ventilador montado sobre soportes anti-vibratorios y junta flexible 400\u00b0C\/2h en admisi\u00f3n y descarga. Con tapas de registro [&hellip;]<\/p>\n","protected":false},"featured_media":1179,"template":"","meta":{"_seopress_robots_primary_cat":"none","_seopress_titles_title":"","_seopress_titles_desc":"","_seopress_robots_index":""},"product_brand":[136],"product_cat":[99,76],"product_tag":[],"class_list":{"0":"post-1178","1":"product","2":"type-product","3":"status-publish","4":"has-post-thumbnail","6":"product_brand-luymar","7":"product_cat-extrac-400o","8":"product_cat-ventiladors","10":"first","11":"instock","12":"featured","13":"shipping-taxable","14":"product-type-simple"},"_links":{"self":[{"href":"https:\/\/mpfred.com\/es\/wp-json\/wp\/v2\/product\/1178","targetHints":{"allow":["GET"]}}],"collection":[{"href":"https:\/\/mpfred.com\/es\/wp-json\/wp\/v2\/product"}],"about":[{"href":"https:\/\/mpfred.com\/es\/wp-json\/wp\/v2\/types\/product"}],"wp:featuredmedia":[{"embeddable":true,"href":"https:\/\/mpfred.com\/es\/wp-json\/wp\/v2\/media\/1179"}],"wp:attachment":[{"href":"https:\/\/mpfred.com\/es\/wp-json\/wp\/v2\/media?parent=1178"}],"wp:term":[{"taxonomy":"product_brand","embeddable":true,"href":"https:\/\/mpfred.com\/es\/wp-json\/wp\/v2\/product_brand?post=1178"},{"taxonomy":"product_cat","embeddable":true,"href":"https:\/\/mpfred.com\/es\/wp-json\/wp\/v2\/product_cat?post=1178"},{"taxonomy":"product_tag","embeddable":true,"href":"https:\/\/mpfred.com\/es\/wp-json\/wp\/v2\/product_tag?post=1178"}],"curies":[{"name":"wp","href":"https:\/\/api.w.org\/{rel}","templated":true}]}}