{"id":1173,"date":"2023-12-14T15:02:23","date_gmt":"2023-12-14T14:02:23","guid":{"rendered":"https:\/\/mpfred.com\/?post_type=product&#038;p=1173"},"modified":"2025-08-01T10:42:43","modified_gmt":"2025-08-01T09:42:43","slug":"cbxt-d-caja-de-ventilacion-doble-oido-400oc-2h-trasiego","status":"publish","type":"product","link":"https:\/\/mpfred.com\/es\/producte\/cbxt-d-caja-de-ventilacion-doble-oido-400oc-2h-trasiego\/","title":{"rendered":"CBXT-D Caja de Ventilaci\u00f3n Doble O\u00eddo 400\u00baC\/2h TRASIEGO"},"content":{"rendered":"<ul>\n<li>Construidas con ventiladores de baja presi\u00f3n, doble aspiraci\u00f3n en chapa de acero galvanizada.<\/li>\n<li>Transmisi\u00f3n mediante motor, correas, poleas.<\/li>\n<li>Motor asincr\u00f3nico, IE3 a partir de 1cv, IP55, situado fuera del flujo.<\/li>\n<li>Aislamiento clase F.<\/li>\n<li>Rodamientos de fundici\u00f3n especiales de alta temperatura.<\/li>\n<li>Ventilador homologado para transportar aire a 400\u00baC\/2h (EN 12101-7:2011).<\/li>\n<li>Bajo demanda se puede suministrar ventilador con descarga vertical.<\/li>\n<\/ul>\n<p><a href=\"https:\/\/mpfred.com\/wp-content\/uploads\/2023\/12\/16-Extraccion-F400-TRASIEGO-CBXT-D_2-1_compressed.pdf\" target=\"_blank\" rel=\"noopener\"><img loading=\"lazy\" decoding=\"async\" class=\"alignnone wp-image-355 size-full\" src=\"https:\/\/mpfred.com\/wp-content\/uploads\/2023\/11\/pdf.png\" alt=\"\" width=\"64\" height=\"64\" \/><\/a><\/p>\n<p style=\"text-align: left;\">\u00a0 \u00a0 \u00a0 \u00a0 <a href=\"https:\/\/mpfred.com\/wp-content\/uploads\/2023\/12\/16-Extraccion-F400-TRASIEGO-CBXT-D_2-1_compressed.pdf\" target=\"_blank\" rel=\"noopener\">Cat\u00e0leg PDF<\/a><\/p>\n","protected":false},"excerpt":{"rendered":"<p>Construidas con ventiladores de baja presi\u00f3n, doble aspiraci\u00f3n en chapa de acero galvanizada. Transmisi\u00f3n mediante motor, correas, poleas. Motor asincr\u00f3nico, IE3 a partir de 1cv, IP55, situado fuera del flujo. Aislamiento clase F. Rodamientos de fundici\u00f3n especiales de alta temperatura. Ventilador homologado para transportar aire a 400\u00baC\/2h (EN 12101-7:2011). Bajo demanda se puede suministrar ventilador [&hellip;]<\/p>\n","protected":false},"featured_media":1174,"template":"","meta":{"_seopress_robots_primary_cat":"none","_seopress_titles_title":"","_seopress_titles_desc":"","_seopress_robots_index":""},"product_brand":[136],"product_cat":[99,76],"product_tag":[],"class_list":{"0":"post-1173","1":"product","2":"type-product","3":"status-publish","4":"has-post-thumbnail","6":"product_brand-luymar","7":"product_cat-extrac-400o","8":"product_cat-ventiladors","10":"first","11":"instock","12":"featured","13":"shipping-taxable","14":"product-type-simple"},"_links":{"self":[{"href":"https:\/\/mpfred.com\/es\/wp-json\/wp\/v2\/product\/1173","targetHints":{"allow":["GET"]}}],"collection":[{"href":"https:\/\/mpfred.com\/es\/wp-json\/wp\/v2\/product"}],"about":[{"href":"https:\/\/mpfred.com\/es\/wp-json\/wp\/v2\/types\/product"}],"wp:featuredmedia":[{"embeddable":true,"href":"https:\/\/mpfred.com\/es\/wp-json\/wp\/v2\/media\/1174"}],"wp:attachment":[{"href":"https:\/\/mpfred.com\/es\/wp-json\/wp\/v2\/media?parent=1173"}],"wp:term":[{"taxonomy":"product_brand","embeddable":true,"href":"https:\/\/mpfred.com\/es\/wp-json\/wp\/v2\/product_brand?post=1173"},{"taxonomy":"product_cat","embeddable":true,"href":"https:\/\/mpfred.com\/es\/wp-json\/wp\/v2\/product_cat?post=1173"},{"taxonomy":"product_tag","embeddable":true,"href":"https:\/\/mpfred.com\/es\/wp-json\/wp\/v2\/product_tag?post=1173"}],"curies":[{"name":"wp","href":"https:\/\/api.w.org\/{rel}","templated":true}]}}