{"id":1168,"date":"2023-12-14T14:58:35","date_gmt":"2023-12-14T13:58:35","guid":{"rendered":"https:\/\/mpfred.com\/?post_type=product&#038;p=1168"},"modified":"2025-08-01T10:42:43","modified_gmt":"2025-08-01T09:42:43","slug":"cxmub-caja-de-ventilacion-con-plug-fan-400oc-2h-inmerso","status":"publish","type":"product","link":"https:\/\/mpfred.com\/es\/producte\/cxmub-caja-de-ventilacion-con-plug-fan-400oc-2h-inmerso\/","title":{"rendered":"CXMUB Caja de Ventilaci\u00f3n con Plug Fan 400\u00baC\/2h INMERSO"},"content":{"rendered":"<ul>\n<li>Turbina con alabes a reacci\u00f3n, en chapa de acero, para extracci\u00f3n de humo.<\/li>\n<li>Tapas intercambiables.<\/li>\n<li>Homologaci\u00f3n seg\u00fan norma EN-12101-3:2011.<\/li>\n<li>Motor clase H, trif\u00e1sico de 1 o 2 velocidades (opcional), con rodamiento a bolas, protecci\u00f3n IP55.<\/li>\n<\/ul>\n<p><a href=\"https:\/\/mpfred.com\/wp-content\/uploads\/2023\/12\/15-Extraccion-F400-INMERSO-CXMUB_compressed.pdf\" target=\"_blank\" rel=\"noopener\"><img loading=\"lazy\" decoding=\"async\" class=\"alignnone wp-image-355 size-full\" src=\"https:\/\/mpfred.com\/wp-content\/uploads\/2023\/11\/pdf.png\" alt=\"\" width=\"64\" height=\"64\" \/><\/a><\/p>\n<p style=\"text-align: left;\">\u00a0 \u00a0 \u00a0 \u00a0 <a href=\"https:\/\/mpfred.com\/wp-content\/uploads\/2023\/12\/15-Extraccion-F400-INMERSO-CXMUB_compressed.pdf\" target=\"_blank\" rel=\"noopener\">Cat\u00e0leg PDF<\/a><\/p>\n","protected":false},"excerpt":{"rendered":"<p>Turbina con alabes a reacci\u00f3n, en chapa de acero, para extracci\u00f3n de humo. Tapas intercambiables. Homologaci\u00f3n seg\u00fan norma EN-12101-3:2011. Motor clase H, trif\u00e1sico de 1 o 2 velocidades (opcional), con rodamiento a bolas, protecci\u00f3n IP55. \u00a0 \u00a0 \u00a0 \u00a0 Cat\u00e0leg PDF<\/p>\n","protected":false},"featured_media":1171,"template":"","meta":{"_seopress_robots_primary_cat":"none","_seopress_titles_title":"","_seopress_titles_desc":"","_seopress_robots_index":""},"product_brand":[136],"product_cat":[99,76],"product_tag":[],"class_list":{"0":"post-1168","1":"product","2":"type-product","3":"status-publish","4":"has-post-thumbnail","6":"product_brand-luymar","7":"product_cat-extrac-400o","8":"product_cat-ventiladors","10":"first","11":"instock","12":"featured","13":"shipping-taxable","14":"product-type-simple"},"_links":{"self":[{"href":"https:\/\/mpfred.com\/es\/wp-json\/wp\/v2\/product\/1168","targetHints":{"allow":["GET"]}}],"collection":[{"href":"https:\/\/mpfred.com\/es\/wp-json\/wp\/v2\/product"}],"about":[{"href":"https:\/\/mpfred.com\/es\/wp-json\/wp\/v2\/types\/product"}],"wp:featuredmedia":[{"embeddable":true,"href":"https:\/\/mpfred.com\/es\/wp-json\/wp\/v2\/media\/1171"}],"wp:attachment":[{"href":"https:\/\/mpfred.com\/es\/wp-json\/wp\/v2\/media?parent=1168"}],"wp:term":[{"taxonomy":"product_brand","embeddable":true,"href":"https:\/\/mpfred.com\/es\/wp-json\/wp\/v2\/product_brand?post=1168"},{"taxonomy":"product_cat","embeddable":true,"href":"https:\/\/mpfred.com\/es\/wp-json\/wp\/v2\/product_cat?post=1168"},{"taxonomy":"product_tag","embeddable":true,"href":"https:\/\/mpfred.com\/es\/wp-json\/wp\/v2\/product_tag?post=1168"}],"curies":[{"name":"wp","href":"https:\/\/api.w.org\/{rel}","templated":true}]}}