{"id":1163,"date":"2023-12-14T14:51:00","date_gmt":"2023-12-14T13:51:00","guid":{"rendered":"https:\/\/mpfred.com\/?post_type=product&#038;p=1163"},"modified":"2025-08-01T10:42:43","modified_gmt":"2025-08-01T09:42:43","slug":"xm-y-cxm-caja-de-ventilacion-axial-400oc-2h-inmerso","status":"publish","type":"product","link":"https:\/\/mpfred.com\/es\/producte\/xm-y-cxm-caja-de-ventilacion-axial-400oc-2h-inmerso\/","title":{"rendered":"XM y CXM Caja de Ventilaci\u00f3n Axial 400\u00baC\/2h INMERSO"},"content":{"rendered":"<ul>\n<li>Serie compuesta por 9 di\u00e1metros desde 450 hasta 1.250, provista de motores de 4 y 6 polos 400\u00b0C\/2h trif\u00e1sicos.<\/li>\n<li>Caudales desde 5.500 m3\/h hasta 109.000 m3\/h.<\/li>\n<li>Temperatura m\u00e1xima de trabajo en continuo 60\u00b0C.<\/li>\n<li>Ventilador helicoidal de marco redondo reforzado con nervio intermedio.<\/li>\n<li>Montaje modular del conjunto motor h\u00e9lice.<\/li>\n<li>H\u00e9lice en fundici\u00f3n de aluminio. Protegidos contra la corrosi\u00f3n mediante recubrimiento en polvo de resina epoxi.<\/li>\n<li>Motor as\u00edncrono normalizado de jaula de ardilla con protecci\u00f3n IP-55 y aislamiento clase H HOMOLOGADO PARA 400\u00b0C\/2h.<\/li>\n<li>Voltajes Standard 230\/400 50Hz para motores trif\u00e1sico hasta 5,5 CV y 400\/690V 50Hz para potencias superiores.<\/li>\n<li>Caja construida en chapa de acero galvanizado con aislamiento t\u00e9rmico y ac\u00fastico. Paneles laterales desmontables para facilitar el acceso al motor y el mantenimiento.<\/li>\n<\/ul>\n<p>&nbsp;<\/p>\n<ul>\n<li>Aplicaciones:<br \/>\nDise\u00f1ados para montaje en pared y o intercalado en tuber\u00eda.<br \/>\nCXM Por su tipo de construcci\u00f3n en caja y con impulsi\u00f3n y aspiraci\u00f3n cuadradas facilita much\u00edsimo su instalaci\u00f3n en redes de conductos que habitualmente son rectangulares.<\/li>\n<\/ul>\n<p>&nbsp;<\/p>\n<ul>\n<li>Bajo demanda:<br \/>\nH\u00e9lice impelente (sentido de aire h\u00e9lice\/motor), h\u00e9lice reversible 100%.<br \/>\nVentiladores para trabajar a 60Hz.<br \/>\nMotores 300\u00b0C\/1h y 200\u00b0C\/2h<br \/>\nDisponibles con motor ATEX homologado para 400\u00b0C\/2h.<\/li>\n<\/ul>\n<p><a href=\"https:\/\/mpfred.com\/wp-content\/uploads\/2023\/12\/14-Extraccion-F400-XM_CXM_compressed.pdf\" target=\"_blank\" rel=\"noopener\"><img loading=\"lazy\" decoding=\"async\" class=\"alignnone wp-image-355 size-full\" src=\"https:\/\/mpfred.com\/wp-content\/uploads\/2023\/11\/pdf.png\" alt=\"\" width=\"64\" height=\"64\" \/><\/a><\/p>\n<p style=\"text-align: left;\">\u00a0 \u00a0 \u00a0 \u00a0 <a href=\"https:\/\/mpfred.com\/wp-content\/uploads\/2023\/12\/14-Extraccion-F400-XM_CXM_compressed.pdf\" target=\"_blank\" rel=\"noopener\">Cat\u00e0leg PDF<\/a><\/p>\n","protected":false},"excerpt":{"rendered":"<p>Serie compuesta por 9 di\u00e1metros desde 450 hasta 1.250, provista de motores de 4 y 6 polos 400\u00b0C\/2h trif\u00e1sicos. Caudales desde 5.500 m3\/h hasta 109.000 m3\/h. Temperatura m\u00e1xima de trabajo en continuo 60\u00b0C. Ventilador helicoidal de marco redondo reforzado con nervio intermedio. Montaje modular del conjunto motor h\u00e9lice. H\u00e9lice en fundici\u00f3n de aluminio. Protegidos contra [&hellip;]<\/p>\n","protected":false},"featured_media":1166,"template":"","meta":{"_seopress_robots_primary_cat":"none","_seopress_titles_title":"","_seopress_titles_desc":"","_seopress_robots_index":""},"product_brand":[136],"product_cat":[99,76],"product_tag":[],"class_list":{"0":"post-1163","1":"product","2":"type-product","3":"status-publish","4":"has-post-thumbnail","6":"product_brand-luymar","7":"product_cat-extrac-400o","8":"product_cat-ventiladors","10":"first","11":"instock","12":"featured","13":"shipping-taxable","14":"product-type-simple"},"_links":{"self":[{"href":"https:\/\/mpfred.com\/es\/wp-json\/wp\/v2\/product\/1163","targetHints":{"allow":["GET"]}}],"collection":[{"href":"https:\/\/mpfred.com\/es\/wp-json\/wp\/v2\/product"}],"about":[{"href":"https:\/\/mpfred.com\/es\/wp-json\/wp\/v2\/types\/product"}],"wp:featuredmedia":[{"embeddable":true,"href":"https:\/\/mpfred.com\/es\/wp-json\/wp\/v2\/media\/1166"}],"wp:attachment":[{"href":"https:\/\/mpfred.com\/es\/wp-json\/wp\/v2\/media?parent=1163"}],"wp:term":[{"taxonomy":"product_brand","embeddable":true,"href":"https:\/\/mpfred.com\/es\/wp-json\/wp\/v2\/product_brand?post=1163"},{"taxonomy":"product_cat","embeddable":true,"href":"https:\/\/mpfred.com\/es\/wp-json\/wp\/v2\/product_cat?post=1163"},{"taxonomy":"product_tag","embeddable":true,"href":"https:\/\/mpfred.com\/es\/wp-json\/wp\/v2\/product_tag?post=1163"}],"curies":[{"name":"wp","href":"https:\/\/api.w.org\/{rel}","templated":true}]}}