{"id":1157,"date":"2023-12-13T17:56:46","date_gmt":"2023-12-13T16:56:46","guid":{"rendered":"https:\/\/mpfred.com\/?post_type=product&#038;p=1157"},"modified":"2025-08-01T10:43:23","modified_gmt":"2025-08-01T09:43:23","slug":"bt-z-sa-ventilador-simple-oido-a-reaccion-media-presion","status":"publish","type":"product","link":"https:\/\/mpfred.com\/es\/producte\/bt-z-sa-ventilador-simple-oido-a-reaccion-media-presion\/","title":{"rendered":"BT-Z-SA Ventilador simple o\u00eddo a reacci\u00f3n, media presi\u00f3n"},"content":{"rendered":"<ul>\n<li>Ventilador simple o\u00eddo con rodete de reacci\u00f3n.<\/li>\n<li>14 tama\u00f1os diferentes.<\/li>\n<li>Dise\u00f1o compacto para proporcionar una alta eficiencia y alta calidad de ejecuci\u00f3n.<\/li>\n<li>Caudales desde 2.500 a m\u00e1s de 100.000 m3\/h.<\/li>\n<\/ul>\n","protected":false},"excerpt":{"rendered":"<p>Ventilador simple o\u00eddo con rodete de reacci\u00f3n. 14 tama\u00f1os diferentes. Dise\u00f1o compacto para proporcionar una alta eficiencia y alta calidad de ejecuci\u00f3n. Caudales desde 2.500 a m\u00e1s de 100.000 m3\/h.<\/p>\n","protected":false},"featured_media":1158,"template":"","meta":{"_seopress_robots_primary_cat":"none","_seopress_titles_title":"","_seopress_titles_desc":"","_seopress_robots_index":""},"product_brand":[136],"product_cat":[78,76],"product_tag":[],"class_list":{"0":"post-1157","1":"product","2":"type-product","3":"status-publish","4":"has-post-thumbnail","6":"product_brand-luymar","7":"product_cat-vent-industrial","8":"product_cat-ventiladors","10":"first","11":"instock","12":"featured","13":"shipping-taxable","14":"product-type-simple"},"_links":{"self":[{"href":"https:\/\/mpfred.com\/es\/wp-json\/wp\/v2\/product\/1157","targetHints":{"allow":["GET"]}}],"collection":[{"href":"https:\/\/mpfred.com\/es\/wp-json\/wp\/v2\/product"}],"about":[{"href":"https:\/\/mpfred.com\/es\/wp-json\/wp\/v2\/types\/product"}],"wp:featuredmedia":[{"embeddable":true,"href":"https:\/\/mpfred.com\/es\/wp-json\/wp\/v2\/media\/1158"}],"wp:attachment":[{"href":"https:\/\/mpfred.com\/es\/wp-json\/wp\/v2\/media?parent=1157"}],"wp:term":[{"taxonomy":"product_brand","embeddable":true,"href":"https:\/\/mpfred.com\/es\/wp-json\/wp\/v2\/product_brand?post=1157"},{"taxonomy":"product_cat","embeddable":true,"href":"https:\/\/mpfred.com\/es\/wp-json\/wp\/v2\/product_cat?post=1157"},{"taxonomy":"product_tag","embeddable":true,"href":"https:\/\/mpfred.com\/es\/wp-json\/wp\/v2\/product_tag?post=1157"}],"curies":[{"name":"wp","href":"https:\/\/api.w.org\/{rel}","templated":true}]}}