{"id":1154,"date":"2023-12-13T17:55:18","date_gmt":"2023-12-13T16:55:18","guid":{"rendered":"https:\/\/mpfred.com\/?post_type=product&#038;p=1154"},"modified":"2025-08-01T10:43:24","modified_gmt":"2025-08-01T09:43:24","slug":"cbm-bs-silent-caja-baja-silueta","status":"publish","type":"product","link":"https:\/\/mpfred.com\/es\/producte\/cbm-bs-silent-caja-baja-silueta\/","title":{"rendered":"CBM-BS Silent Caja Baja Silueta"},"content":{"rendered":"<ul>\n<li>Extractores en l\u00ednea para conductos donde se disponga de un espacio reducido.<\/li>\n<li>Bridas en aspiraci\u00f3n e impulsi\u00f3n con junta estanca.<\/li>\n<li>Se pueden instalar en cualquier posici\u00f3n.<\/li>\n<li>Aplicaciones dom\u00e9sticas comerciales e industriales.<\/li>\n<li>Gama de 4 modelos con caudales de 710 a 3.300 m3\/h.<\/li>\n<li>Caja insonorizada con espuma absorbente ac\u00fastica piramidal PS 20\/10.<\/li>\n<li>Motores 230V \u2013 50 Hz brushless EC.<\/li>\n<\/ul>\n","protected":false},"excerpt":{"rendered":"<p>Extractores en l\u00ednea para conductos donde se disponga de un espacio reducido. Bridas en aspiraci\u00f3n e impulsi\u00f3n con junta estanca. Se pueden instalar en cualquier posici\u00f3n. Aplicaciones dom\u00e9sticas comerciales e industriales. Gama de 4 modelos con caudales de 710 a 3.300 m3\/h. Caja insonorizada con espuma absorbente ac\u00fastica piramidal PS 20\/10. Motores 230V \u2013 50 [&hellip;]<\/p>\n","protected":false},"featured_media":1155,"template":"","meta":{"_seopress_robots_primary_cat":"none","_seopress_titles_title":"","_seopress_titles_desc":"","_seopress_robots_index":""},"product_brand":[136],"product_cat":[78,76],"product_tag":[],"class_list":{"0":"post-1154","1":"product","2":"type-product","3":"status-publish","4":"has-post-thumbnail","6":"product_brand-luymar","7":"product_cat-vent-industrial","8":"product_cat-ventiladors","10":"first","11":"instock","12":"featured","13":"shipping-taxable","14":"product-type-simple"},"_links":{"self":[{"href":"https:\/\/mpfred.com\/es\/wp-json\/wp\/v2\/product\/1154","targetHints":{"allow":["GET"]}}],"collection":[{"href":"https:\/\/mpfred.com\/es\/wp-json\/wp\/v2\/product"}],"about":[{"href":"https:\/\/mpfred.com\/es\/wp-json\/wp\/v2\/types\/product"}],"wp:featuredmedia":[{"embeddable":true,"href":"https:\/\/mpfred.com\/es\/wp-json\/wp\/v2\/media\/1155"}],"wp:attachment":[{"href":"https:\/\/mpfred.com\/es\/wp-json\/wp\/v2\/media?parent=1154"}],"wp:term":[{"taxonomy":"product_brand","embeddable":true,"href":"https:\/\/mpfred.com\/es\/wp-json\/wp\/v2\/product_brand?post=1154"},{"taxonomy":"product_cat","embeddable":true,"href":"https:\/\/mpfred.com\/es\/wp-json\/wp\/v2\/product_cat?post=1154"},{"taxonomy":"product_tag","embeddable":true,"href":"https:\/\/mpfred.com\/es\/wp-json\/wp\/v2\/product_tag?post=1154"}],"curies":[{"name":"wp","href":"https:\/\/api.w.org\/{rel}","templated":true}]}}