{"id":1151,"date":"2023-12-13T17:53:08","date_gmt":"2023-12-13T16:53:08","guid":{"rendered":"https:\/\/mpfred.com\/?post_type=product&#038;p=1151"},"modified":"2025-08-01T10:43:24","modified_gmt":"2025-08-01T09:43:24","slug":"bt-d-ventilador-centrifugo-doble-oido-de-baja-presion-a-transmision","status":"publish","type":"product","link":"https:\/\/mpfred.com\/es\/producte\/bt-d-ventilador-centrifugo-doble-oido-de-baja-presion-a-transmision\/","title":{"rendered":"BT-D Ventilador Centr\u00edfugo, Doble O\u00eddo, de Baja Presi\u00f3n a Transmisi\u00f3n"},"content":{"rendered":"<ul>\n<li>Caudales desde 600 hasta 50.000 m3\/h.<\/li>\n<li>Envolvente, de doble o\u00eddo, y turbina en chapa de acero galvanizado.<\/li>\n<li>Accionamiento a transmisi\u00f3n por poleas y correa trapezoidal.<\/li>\n<li>Rodete de tipo acci\u00f3n.<\/li>\n<li>Reforzados por bastidor angular formando un solo conjunto.<\/li>\n<li>Eje de acero de alta resistencia, con protecci\u00f3n antioxidante y chavetas en los extremos.<\/li>\n<li>Rodamientos a bolas de tipo r\u00edgido, autoalineables, herm\u00e9ticos permanentemente engrasados.<\/li>\n<li>Motor as\u00edncrono trif\u00e1sico IE3.<\/li>\n<\/ul>\n","protected":false},"excerpt":{"rendered":"<p>Caudales desde 600 hasta 50.000 m3\/h. Envolvente, de doble o\u00eddo, y turbina en chapa de acero galvanizado. Accionamiento a transmisi\u00f3n por poleas y correa trapezoidal. Rodete de tipo acci\u00f3n. Reforzados por bastidor angular formando un solo conjunto. Eje de acero de alta resistencia, con protecci\u00f3n antioxidante y chavetas en los extremos. Rodamientos a bolas de [&hellip;]<\/p>\n","protected":false},"featured_media":1152,"template":"","meta":{"_seopress_robots_primary_cat":"none","_seopress_titles_title":"","_seopress_titles_desc":"","_seopress_robots_index":""},"product_brand":[136],"product_cat":[78,76],"product_tag":[],"class_list":{"0":"post-1151","1":"product","2":"type-product","3":"status-publish","4":"has-post-thumbnail","6":"product_brand-luymar","7":"product_cat-vent-industrial","8":"product_cat-ventiladors","10":"first","11":"instock","12":"featured","13":"shipping-taxable","14":"product-type-simple"},"_links":{"self":[{"href":"https:\/\/mpfred.com\/es\/wp-json\/wp\/v2\/product\/1151","targetHints":{"allow":["GET"]}}],"collection":[{"href":"https:\/\/mpfred.com\/es\/wp-json\/wp\/v2\/product"}],"about":[{"href":"https:\/\/mpfred.com\/es\/wp-json\/wp\/v2\/types\/product"}],"wp:featuredmedia":[{"embeddable":true,"href":"https:\/\/mpfred.com\/es\/wp-json\/wp\/v2\/media\/1152"}],"wp:attachment":[{"href":"https:\/\/mpfred.com\/es\/wp-json\/wp\/v2\/media?parent=1151"}],"wp:term":[{"taxonomy":"product_brand","embeddable":true,"href":"https:\/\/mpfred.com\/es\/wp-json\/wp\/v2\/product_brand?post=1151"},{"taxonomy":"product_cat","embeddable":true,"href":"https:\/\/mpfred.com\/es\/wp-json\/wp\/v2\/product_cat?post=1151"},{"taxonomy":"product_tag","embeddable":true,"href":"https:\/\/mpfred.com\/es\/wp-json\/wp\/v2\/product_tag?post=1151"}],"curies":[{"name":"wp","href":"https:\/\/api.w.org\/{rel}","templated":true}]}}