{"id":1143,"date":"2023-12-13T17:48:08","date_gmt":"2023-12-13T16:48:08","guid":{"rendered":"https:\/\/mpfred.com\/?post_type=product&#038;p=1143"},"modified":"2025-08-01T10:43:24","modified_gmt":"2025-08-01T09:43:24","slug":"cbt-z-sa-ventilador-simple-oido-media-presion-con-caja","status":"publish","type":"product","link":"https:\/\/mpfred.com\/es\/producte\/cbt-z-sa-ventilador-simple-oido-media-presion-con-caja\/","title":{"rendered":"CBT-Z-SA VENTILADOR SIMPLE O\u00cdDO, MEDIA PRESI\u00d3N, CON CAJA"},"content":{"rendered":"<ul>\n<li>Cajas de ventilaci\u00f3n equipadas con ventiladores de rodete de reacci\u00f3n, palas hacia atr\u00e1s, media-alta presi\u00f3n, simple o\u00eddo, transmisi\u00f3n por poleas y correas.<\/li>\n<li>Construidas en chapa de acero galvanizado y aisladas t\u00e9rmica y ac\u00fasticamente.<\/li>\n<li>Ventilador simple o\u00eddo con rodete de reacci\u00f3n.<\/li>\n<li>14 tama\u00f1os diferentes.<\/li>\n<li>Dise\u00f1o compacto para proporcionar una alta eficiencia y alta calidad de ejecuci\u00f3n.<\/li>\n<li>Caudales desde 2.500 a m\u00e1s de 100.000 m3\/h.<\/li>\n<\/ul>\n<p><a href=\"https:\/\/mpfred.com\/wp-content\/uploads\/2023\/12\/08-Ventilacion-CBTZ_SA_compressed.pdf\" target=\"_blank\" rel=\"noopener\"><img loading=\"lazy\" decoding=\"async\" class=\"alignnone wp-image-355 size-full\" src=\"https:\/\/mpfred.com\/wp-content\/uploads\/2023\/11\/pdf.png\" alt=\"\" width=\"64\" height=\"64\" \/><\/a><\/p>\n<p style=\"text-align: left;\">\u00a0 \u00a0 \u00a0 \u00a0 <a href=\"https:\/\/mpfred.com\/wp-content\/uploads\/2023\/12\/08-Ventilacion-CBTZ_SA_compressed.pdf\" target=\"_blank\" rel=\"noopener\">Cat\u00e0leg PDF<\/a><\/p>\n","protected":false},"excerpt":{"rendered":"<p>Cajas de ventilaci\u00f3n equipadas con ventiladores de rodete de reacci\u00f3n, palas hacia atr\u00e1s, media-alta presi\u00f3n, simple o\u00eddo, transmisi\u00f3n por poleas y correas. Construidas en chapa de acero galvanizado y aisladas t\u00e9rmica y ac\u00fasticamente. Ventilador simple o\u00eddo con rodete de reacci\u00f3n. 14 tama\u00f1os diferentes. Dise\u00f1o compacto para proporcionar una alta eficiencia y alta calidad de ejecuci\u00f3n. [&hellip;]<\/p>\n","protected":false},"featured_media":1146,"template":"","meta":{"_seopress_robots_primary_cat":"none","_seopress_titles_title":"","_seopress_titles_desc":"","_seopress_robots_index":""},"product_brand":[136],"product_cat":[78,76],"product_tag":[],"class_list":{"0":"post-1143","1":"product","2":"type-product","3":"status-publish","4":"has-post-thumbnail","6":"product_brand-luymar","7":"product_cat-vent-industrial","8":"product_cat-ventiladors","10":"first","11":"instock","12":"featured","13":"shipping-taxable","14":"product-type-simple"},"_links":{"self":[{"href":"https:\/\/mpfred.com\/es\/wp-json\/wp\/v2\/product\/1143","targetHints":{"allow":["GET"]}}],"collection":[{"href":"https:\/\/mpfred.com\/es\/wp-json\/wp\/v2\/product"}],"about":[{"href":"https:\/\/mpfred.com\/es\/wp-json\/wp\/v2\/types\/product"}],"wp:featuredmedia":[{"embeddable":true,"href":"https:\/\/mpfred.com\/es\/wp-json\/wp\/v2\/media\/1146"}],"wp:attachment":[{"href":"https:\/\/mpfred.com\/es\/wp-json\/wp\/v2\/media?parent=1143"}],"wp:term":[{"taxonomy":"product_brand","embeddable":true,"href":"https:\/\/mpfred.com\/es\/wp-json\/wp\/v2\/product_brand?post=1143"},{"taxonomy":"product_cat","embeddable":true,"href":"https:\/\/mpfred.com\/es\/wp-json\/wp\/v2\/product_cat?post=1143"},{"taxonomy":"product_tag","embeddable":true,"href":"https:\/\/mpfred.com\/es\/wp-json\/wp\/v2\/product_tag?post=1143"}],"curies":[{"name":"wp","href":"https:\/\/api.w.org\/{rel}","templated":true}]}}