{"id":1140,"date":"2023-12-13T17:44:25","date_gmt":"2023-12-13T16:44:25","guid":{"rendered":"https:\/\/mpfred.com\/?post_type=product&#038;p=1140"},"modified":"2025-08-01T10:43:24","modified_gmt":"2025-08-01T09:43:24","slug":"cmub-ec-comercial-caja-de-ventilacion-con-plug-fan","status":"publish","type":"product","link":"https:\/\/mpfred.com\/es\/producte\/cmub-ec-comercial-caja-de-ventilacion-con-plug-fan\/","title":{"rendered":"CMUB-EC Comercial \u2013 Caja de ventilaci\u00f3n con Plug Fan"},"content":{"rendered":"<ul>\n<li>Ventilador de tipo Plug Fan con palas hac\u00eda atr\u00e1s. Motor EC (0-10v).<\/li>\n<li>Caudales desde 2.350 hasta 12.690 m3\/h.<\/li>\n<li>Alta presi\u00f3n disponible.<\/li>\n<li>Bajo nivel de ruido.<\/li>\n<li>Aislamiento 6 mm.<\/li>\n<li>Opcional panel s\u00e1ndwich de 25 mm de lana de roca.<\/li>\n<li>Tapas intercambiables para ser instalada en cualquier configuraci\u00f3n.<\/li>\n<li>Incluye potenci\u00f3metro.<\/li>\n<li>Opcional: posibilidad de control mediante<\/li>\n<\/ul>\n","protected":false},"excerpt":{"rendered":"<p>Ventilador de tipo Plug Fan con palas hac\u00eda atr\u00e1s. Motor EC (0-10v). Caudales desde 2.350 hasta 12.690 m3\/h. Alta presi\u00f3n disponible. Bajo nivel de ruido. Aislamiento 6 mm. Opcional panel s\u00e1ndwich de 25 mm de lana de roca. Tapas intercambiables para ser instalada en cualquier configuraci\u00f3n. Incluye potenci\u00f3metro. Opcional: posibilidad de control mediante<\/p>\n","protected":false},"featured_media":1141,"template":"","meta":{"_seopress_robots_primary_cat":"none","_seopress_titles_title":"","_seopress_titles_desc":"","_seopress_robots_index":""},"product_brand":[136],"product_cat":[78,76],"product_tag":[],"class_list":{"0":"post-1140","1":"product","2":"type-product","3":"status-publish","4":"has-post-thumbnail","6":"product_brand-luymar","7":"product_cat-vent-industrial","8":"product_cat-ventiladors","10":"first","11":"instock","12":"featured","13":"shipping-taxable","14":"product-type-simple"},"_links":{"self":[{"href":"https:\/\/mpfred.com\/es\/wp-json\/wp\/v2\/product\/1140","targetHints":{"allow":["GET"]}}],"collection":[{"href":"https:\/\/mpfred.com\/es\/wp-json\/wp\/v2\/product"}],"about":[{"href":"https:\/\/mpfred.com\/es\/wp-json\/wp\/v2\/types\/product"}],"wp:featuredmedia":[{"embeddable":true,"href":"https:\/\/mpfred.com\/es\/wp-json\/wp\/v2\/media\/1141"}],"wp:attachment":[{"href":"https:\/\/mpfred.com\/es\/wp-json\/wp\/v2\/media?parent=1140"}],"wp:term":[{"taxonomy":"product_brand","embeddable":true,"href":"https:\/\/mpfred.com\/es\/wp-json\/wp\/v2\/product_brand?post=1140"},{"taxonomy":"product_cat","embeddable":true,"href":"https:\/\/mpfred.com\/es\/wp-json\/wp\/v2\/product_cat?post=1140"},{"taxonomy":"product_tag","embeddable":true,"href":"https:\/\/mpfred.com\/es\/wp-json\/wp\/v2\/product_tag?post=1140"}],"curies":[{"name":"wp","href":"https:\/\/api.w.org\/{rel}","templated":true}]}}