{"id":1132,"date":"2023-12-13T17:38:07","date_gmt":"2023-12-13T16:38:07","guid":{"rendered":"https:\/\/mpfred.com\/?post_type=product&#038;p=1132"},"modified":"2025-08-01T10:43:24","modified_gmt":"2025-08-01T09:43:24","slug":"btz-ventilador-doble-oido-con-rodete-de-reaccion","status":"publish","type":"product","link":"https:\/\/mpfred.com\/es\/producte\/btz-ventilador-doble-oido-con-rodete-de-reaccion\/","title":{"rendered":"BTZ Ventilador doble o\u00eddo con rodete de reacci\u00f3n."},"content":{"rendered":"<ul>\n<li>Ventiladores de doble o\u00eddo con rodete de reacci\u00f3n.<\/li>\n<li>13 tama\u00f1os diferentes.<\/li>\n<li>Dise\u00f1ados y desarrollados para proporcionar una alta eficiencia y cumpliendo los m\u00e1s altos est\u00e1ndares.<\/li>\n<li>Caudales de 2500 a 250.000 m3\/h y de 10 a 300 mm. c.d.a.<\/li>\n<li>Accionamiento a transmisi\u00f3n por poleas y correa trapezoidal.<\/li>\n<li>Grupo motor-ventilador montado sobre bancada.<\/li>\n<li>Rodete soldado con \u00e1labes hacia atr\u00e1s.<\/li>\n<li>La transmisi\u00f3n puede situarse tanto a derechas como a izquierdas.<\/li>\n<\/ul>\n<p><a href=\"https:\/\/mpfred.com\/wp-content\/uploads\/2023\/12\/07-Ventilacion-CBTZ_D_compressed.pdf\" target=\"_blank\" rel=\"noopener\"><img loading=\"lazy\" decoding=\"async\" class=\"alignnone wp-image-355 size-full\" src=\"https:\/\/mpfred.com\/wp-content\/uploads\/2023\/11\/pdf.png\" alt=\"\" width=\"64\" height=\"64\" \/><\/a><\/p>\n<p style=\"text-align: left;\">\u00a0 \u00a0 \u00a0 \u00a0 <a href=\"https:\/\/mpfred.com\/wp-content\/uploads\/2023\/12\/07-Ventilacion-CBTZ_D_compressed.pdf\" target=\"_blank\" rel=\"noopener\">Cat\u00e0leg PDF<\/a><\/p>\n","protected":false},"excerpt":{"rendered":"<p>Ventiladores de doble o\u00eddo con rodete de reacci\u00f3n. 13 tama\u00f1os diferentes. Dise\u00f1ados y desarrollados para proporcionar una alta eficiencia y cumpliendo los m\u00e1s altos est\u00e1ndares. Caudales de 2500 a 250.000 m3\/h y de 10 a 300 mm. c.d.a. Accionamiento a transmisi\u00f3n por poleas y correa trapezoidal. Grupo motor-ventilador montado sobre bancada. Rodete soldado con \u00e1labes [&hellip;]<\/p>\n","protected":false},"featured_media":1133,"template":"","meta":{"_seopress_robots_primary_cat":"none","_seopress_titles_title":"","_seopress_titles_desc":"","_seopress_robots_index":""},"product_brand":[136],"product_cat":[78,76],"product_tag":[],"class_list":{"0":"post-1132","1":"product","2":"type-product","3":"status-publish","4":"has-post-thumbnail","6":"product_brand-luymar","7":"product_cat-vent-industrial","8":"product_cat-ventiladors","10":"first","11":"instock","12":"featured","13":"shipping-taxable","14":"product-type-simple"},"_links":{"self":[{"href":"https:\/\/mpfred.com\/es\/wp-json\/wp\/v2\/product\/1132","targetHints":{"allow":["GET"]}}],"collection":[{"href":"https:\/\/mpfred.com\/es\/wp-json\/wp\/v2\/product"}],"about":[{"href":"https:\/\/mpfred.com\/es\/wp-json\/wp\/v2\/types\/product"}],"wp:featuredmedia":[{"embeddable":true,"href":"https:\/\/mpfred.com\/es\/wp-json\/wp\/v2\/media\/1133"}],"wp:attachment":[{"href":"https:\/\/mpfred.com\/es\/wp-json\/wp\/v2\/media?parent=1132"}],"wp:term":[{"taxonomy":"product_brand","embeddable":true,"href":"https:\/\/mpfred.com\/es\/wp-json\/wp\/v2\/product_brand?post=1132"},{"taxonomy":"product_cat","embeddable":true,"href":"https:\/\/mpfred.com\/es\/wp-json\/wp\/v2\/product_cat?post=1132"},{"taxonomy":"product_tag","embeddable":true,"href":"https:\/\/mpfred.com\/es\/wp-json\/wp\/v2\/product_tag?post=1132"}],"curies":[{"name":"wp","href":"https:\/\/api.w.org\/{rel}","templated":true}]}}