{"id":1122,"date":"2023-12-13T17:32:48","date_gmt":"2023-12-13T16:32:48","guid":{"rendered":"https:\/\/mpfred.com\/?post_type=product&#038;p=1122"},"modified":"2025-08-01T10:50:10","modified_gmt":"2025-08-01T09:50:10","slug":"cbm-bs-caja-baja-silueta","status":"publish","type":"product","link":"https:\/\/mpfred.com\/es\/producte\/cbm-bs-caja-baja-silueta\/","title":{"rendered":"CBM-BS Caja Baja Silueta"},"content":{"rendered":"<ul>\n<li>Extractores en l\u00ednea para conductos donde se disponga de un espacio reducido.<\/li>\n<li>Bridas en aspiraci\u00f3n e impulsi\u00f3n con junta estanca.<\/li>\n<li>Se pueden instalar en cualquier posici\u00f3n.<\/li>\n<li>Aplicaciones dom\u00e9sticas comerciales e industriales.<\/li>\n<li>Gama de 4 modelos con caudales de 710 m3\/h a 3.300 m3\/h.<\/li>\n<li>Carcasa fabricada en chapa de acero galvanizada con aislamiento Tecnoterm de 5 mm.<\/li>\n<li>Ventiladores tipo plugfan con motores EC monof\u00e1sico 230V 50\/60 Hz, totalmente regulables.<\/li>\n<li>Potenci\u00f3metro incluido de serie.<\/li>\n<\/ul>\n<p><a href=\"https:\/\/mpfred.com\/wp-content\/uploads\/2023\/12\/01-Ventilacion-CBM_BS_2_compressed.pdf\" target=\"_blank\" rel=\"noopener\"><img loading=\"lazy\" decoding=\"async\" class=\"alignnone wp-image-355 size-full\" src=\"https:\/\/mpfred.com\/wp-content\/uploads\/2023\/11\/pdf.png\" alt=\"\" width=\"64\" height=\"64\" \/><\/a><\/p>\n<p style=\"text-align: left;\">\u00a0 \u00a0 \u00a0 \u00a0 <a href=\"https:\/\/mpfred.com\/wp-content\/uploads\/2023\/12\/01-Ventilacion-CBM_BS_2_compressed.pdf\" target=\"_blank\" rel=\"noopener\">Cat\u00e0leg PDF<\/a><\/p>\n","protected":false},"excerpt":{"rendered":"<p>Extractores en l\u00ednea para conductos donde se disponga de un espacio reducido. Bridas en aspiraci\u00f3n e impulsi\u00f3n con junta estanca. Se pueden instalar en cualquier posici\u00f3n. Aplicaciones dom\u00e9sticas comerciales e industriales. Gama de 4 modelos con caudales de 710 m3\/h a 3.300 m3\/h. Carcasa fabricada en chapa de acero galvanizada con aislamiento Tecnoterm de 5 [&hellip;]<\/p>\n","protected":false},"featured_media":1125,"template":"","meta":{"_seopress_robots_primary_cat":"none","_seopress_titles_title":"","_seopress_titles_desc":"","_seopress_robots_index":""},"product_brand":[136],"product_cat":[78,76],"product_tag":[],"class_list":{"0":"post-1122","1":"product","2":"type-product","3":"status-publish","4":"has-post-thumbnail","6":"product_brand-luymar","7":"product_cat-vent-industrial","8":"product_cat-ventiladors","10":"first","11":"instock","12":"featured","13":"shipping-taxable","14":"product-type-simple"},"_links":{"self":[{"href":"https:\/\/mpfred.com\/es\/wp-json\/wp\/v2\/product\/1122","targetHints":{"allow":["GET"]}}],"collection":[{"href":"https:\/\/mpfred.com\/es\/wp-json\/wp\/v2\/product"}],"about":[{"href":"https:\/\/mpfred.com\/es\/wp-json\/wp\/v2\/types\/product"}],"wp:featuredmedia":[{"embeddable":true,"href":"https:\/\/mpfred.com\/es\/wp-json\/wp\/v2\/media\/1125"}],"wp:attachment":[{"href":"https:\/\/mpfred.com\/es\/wp-json\/wp\/v2\/media?parent=1122"}],"wp:term":[{"taxonomy":"product_brand","embeddable":true,"href":"https:\/\/mpfred.com\/es\/wp-json\/wp\/v2\/product_brand?post=1122"},{"taxonomy":"product_cat","embeddable":true,"href":"https:\/\/mpfred.com\/es\/wp-json\/wp\/v2\/product_cat?post=1122"},{"taxonomy":"product_tag","embeddable":true,"href":"https:\/\/mpfred.com\/es\/wp-json\/wp\/v2\/product_tag?post=1122"}],"curies":[{"name":"wp","href":"https:\/\/api.w.org\/{rel}","templated":true}]}}