{"id":1117,"date":"2023-12-13T17:28:03","date_gmt":"2023-12-13T16:28:03","guid":{"rendered":"https:\/\/mpfred.com\/?post_type=product&#038;p=1117"},"modified":"2025-08-01T10:50:10","modified_gmt":"2025-08-01T09:50:10","slug":"cbt-d-zaf-ventilador-de-doble-oido-con-rodete-de-reaccion-con-caja-btz-thlz","status":"publish","type":"product","link":"https:\/\/mpfred.com\/es\/producte\/cbt-d-zaf-ventilador-de-doble-oido-con-rodete-de-reaccion-con-caja-btz-thlz\/","title":{"rendered":"CBT-D\/ZAF Ventilador de doble o\u00eddo con rodete de reacci\u00f3n con caja (BTZ \/ THLZ)"},"content":{"rendered":"<ul>\n<li>Fabricadas en chapa galvanizada con aislamiento ac\u00fastico ign\u00edfugo M1 (91\/155\/EEC).Ventilador BT-D\/ZAF montado sobre soportes anti-vibratorios met\u00e1licos.<br \/>\nMotor as\u00edncrono normalizado con protecci\u00f3n IP-55 y aislamiento clase F. Voltajes Standard 230\/400V.<br \/>\n50Hz para motores trif\u00e1sicos hasta 5,5CV y 400\/690V 50Hz para potencias superiores.<br \/>\nSalida de cables por prensaestopas.<br \/>\nBancada exterior de 100 mm en la serie 20\/15 a 30\/28 y de 60 mm en la serie 7\/7 a 18\/18.<br \/>\nConstrucci\u00f3n para interior.<\/p>\n<p>&nbsp;<\/li>\n<li>BAJO DEMANDA<br \/>\nVersiones antiexplosivas seg\u00fan la Directiva ATEX para modelos trif\u00e1sicos: seguridad aumentada<br \/>\n\u201cEx\u201d II2G EExellT3; antideflagrantes \u201cEx\u201d II2G EExdIIBT5 \u00f3 EExdIICT4.<br \/>\nVentiladores para trabajar a 60Hz, voltajes especiales.<br \/>\nMotores 2 VELOCIDADES.<br \/>\nCaja preparada para intemperie.<br \/>\nSalida vertical, bocas circulares, tapa ciega.<\/li>\n<\/ul>\n<p><a href=\"https:\/\/mpfred.com\/wp-content\/uploads\/2023\/12\/05-Ventilacion-CBT_D_compressed.pdf\" target=\"_blank\" rel=\"noopener\"><img loading=\"lazy\" decoding=\"async\" class=\"alignnone wp-image-355 size-full\" src=\"https:\/\/mpfred.com\/wp-content\/uploads\/2023\/11\/pdf.png\" alt=\"\" width=\"64\" height=\"64\" \/><\/a><\/p>\n<p style=\"text-align: left;\">\u00a0 \u00a0 \u00a0 \u00a0 <a href=\"https:\/\/mpfred.com\/wp-content\/uploads\/2023\/12\/05-Ventilacion-CBT_D_compressed.pdf\" target=\"_blank\" rel=\"noopener\">Cat\u00e0leg PDF<\/a><\/p>\n","protected":false},"excerpt":{"rendered":"<p>Fabricadas en chapa galvanizada con aislamiento ac\u00fastico ign\u00edfugo M1 (91\/155\/EEC).Ventilador BT-D\/ZAF montado sobre soportes anti-vibratorios met\u00e1licos. Motor as\u00edncrono normalizado con protecci\u00f3n IP-55 y aislamiento clase F. Voltajes Standard 230\/400V. 50Hz para motores trif\u00e1sicos hasta 5,5CV y 400\/690V 50Hz para potencias superiores. Salida de cables por prensaestopas. Bancada exterior de 100 mm en la serie 20\/15 [&hellip;]<\/p>\n","protected":false},"featured_media":1120,"template":"","meta":{"_seopress_robots_primary_cat":"none","_seopress_titles_title":"","_seopress_titles_desc":"","_seopress_robots_index":""},"product_brand":[136],"product_cat":[78,76],"product_tag":[],"class_list":{"0":"post-1117","1":"product","2":"type-product","3":"status-publish","4":"has-post-thumbnail","6":"product_brand-luymar","7":"product_cat-vent-industrial","8":"product_cat-ventiladors","10":"first","11":"instock","12":"featured","13":"shipping-taxable","14":"product-type-simple"},"_links":{"self":[{"href":"https:\/\/mpfred.com\/es\/wp-json\/wp\/v2\/product\/1117","targetHints":{"allow":["GET"]}}],"collection":[{"href":"https:\/\/mpfred.com\/es\/wp-json\/wp\/v2\/product"}],"about":[{"href":"https:\/\/mpfred.com\/es\/wp-json\/wp\/v2\/types\/product"}],"wp:featuredmedia":[{"embeddable":true,"href":"https:\/\/mpfred.com\/es\/wp-json\/wp\/v2\/media\/1120"}],"wp:attachment":[{"href":"https:\/\/mpfred.com\/es\/wp-json\/wp\/v2\/media?parent=1117"}],"wp:term":[{"taxonomy":"product_brand","embeddable":true,"href":"https:\/\/mpfred.com\/es\/wp-json\/wp\/v2\/product_brand?post=1117"},{"taxonomy":"product_cat","embeddable":true,"href":"https:\/\/mpfred.com\/es\/wp-json\/wp\/v2\/product_cat?post=1117"},{"taxonomy":"product_tag","embeddable":true,"href":"https:\/\/mpfred.com\/es\/wp-json\/wp\/v2\/product_tag?post=1117"}],"curies":[{"name":"wp","href":"https:\/\/api.w.org\/{rel}","templated":true}]}}