{"id":1111,"date":"2023-12-13T17:15:12","date_gmt":"2023-12-13T16:15:12","guid":{"rendered":"https:\/\/mpfred.com\/?post_type=product&#038;p=1111"},"modified":"2025-08-01T10:50:10","modified_gmt":"2025-08-01T09:50:10","slug":"ventilador-extractor-de-tejado-chr-ec","status":"publish","type":"product","link":"https:\/\/mpfred.com\/es\/producte\/ventilador-extractor-de-tejado-chr-ec\/","title":{"rendered":"VENTILADOR EXTRACTOR DE TEJADO CHR-EC"},"content":{"rendered":"<ul>\n<li>\u2022 Motores con tecnolog\u00eda EC alta eficiencia.<br \/>\n\u2022 Rodamiento del motor de bolas.<br \/>\n\u2022 Salida 10 VDC, m\u00e1x. 10 mA.<br \/>\n\u2022 Salida tacom\u00e9trica.<br \/>\n\u2022 Delimitaci\u00f3n de la potencia.<br \/>\n\u2022 Limitaci\u00f3n de corriente del motor.<br \/>\n\u2022 Arranque suave.<br \/>\n\u2022 Entrada de control 0-10 VDC\/PWM.<br \/>\n\u2022 Interfaz de control con potencial SELV seguro, separado de la red.<br \/>\n\u2022 Detecci\u00f3n de sobretensi\u00f3n.<br \/>\n\u2022 Electr\u00f3nica\/motor protegidos contra sobrecalentamiento.<br \/>\n\u2022 Detecci\u00f3n de ca\u00edda de tensi\u00f3n.<br \/>\n\u2022 Malla antip\u00e1jaros.<br \/>\n\u2022 Caja conexi\u00f3n est\u00e1ndar IP-66.<br \/>\n\u2022 Alimentaci\u00f3n Monof\u00e1sica:<br \/>\n\u2013 VAC: 200 \u2013 277<br \/>\n\u2013 Hz: 50\/60<br \/>\n\u2022 Alimentaci\u00f3n Trif\u00e1sica:<br \/>\n\u2013 VAC: 380 \u2013 480<br \/>\n\u2013 Hz: 50\/60<\/li>\n<\/ul>\n<p><a href=\"https:\/\/mpfred.com\/wp-content\/uploads\/2023\/12\/VENTILADOR-CHR-EC-21-WEB-AAFF_compressed.pdf\" target=\"_blank\" rel=\"noopener\"><img loading=\"lazy\" decoding=\"async\" class=\"alignnone wp-image-355 size-full\" src=\"https:\/\/mpfred.com\/wp-content\/uploads\/2023\/11\/pdf.png\" alt=\"\" width=\"64\" height=\"64\" \/><\/a><\/p>\n<p style=\"text-align: left;\">\u00a0 \u00a0 \u00a0 \u00a0 <a href=\"https:\/\/mpfred.com\/wp-content\/uploads\/2023\/12\/VENTILADOR-CHR-EC-21-WEB-AAFF_compressed.pdf\" target=\"_blank\" rel=\"noopener\">Cat\u00e0leg PDF<\/a><\/p>\n","protected":false},"excerpt":{"rendered":"<p>\u2022 Motores con tecnolog\u00eda EC alta eficiencia. \u2022 Rodamiento del motor de bolas. \u2022 Salida 10 VDC, m\u00e1x. 10 mA. \u2022 Salida tacom\u00e9trica. \u2022 Delimitaci\u00f3n de la potencia. \u2022 Limitaci\u00f3n de corriente del motor. \u2022 Arranque suave. \u2022 Entrada de control 0-10 VDC\/PWM. \u2022 Interfaz de control con potencial SELV seguro, separado de la red. [&hellip;]<\/p>\n","protected":false},"featured_media":1115,"template":"","meta":{"_seopress_robots_primary_cat":"none","_seopress_titles_title":"","_seopress_titles_desc":"","_seopress_robots_index":""},"product_brand":[136],"product_cat":[78,76],"product_tag":[],"class_list":{"0":"post-1111","1":"product","2":"type-product","3":"status-publish","4":"has-post-thumbnail","6":"product_brand-luymar","7":"product_cat-vent-industrial","8":"product_cat-ventiladors","10":"first","11":"instock","12":"featured","13":"shipping-taxable","14":"product-type-simple"},"_links":{"self":[{"href":"https:\/\/mpfred.com\/es\/wp-json\/wp\/v2\/product\/1111","targetHints":{"allow":["GET"]}}],"collection":[{"href":"https:\/\/mpfred.com\/es\/wp-json\/wp\/v2\/product"}],"about":[{"href":"https:\/\/mpfred.com\/es\/wp-json\/wp\/v2\/types\/product"}],"wp:featuredmedia":[{"embeddable":true,"href":"https:\/\/mpfred.com\/es\/wp-json\/wp\/v2\/media\/1115"}],"wp:attachment":[{"href":"https:\/\/mpfred.com\/es\/wp-json\/wp\/v2\/media?parent=1111"}],"wp:term":[{"taxonomy":"product_brand","embeddable":true,"href":"https:\/\/mpfred.com\/es\/wp-json\/wp\/v2\/product_brand?post=1111"},{"taxonomy":"product_cat","embeddable":true,"href":"https:\/\/mpfred.com\/es\/wp-json\/wp\/v2\/product_cat?post=1111"},{"taxonomy":"product_tag","embeddable":true,"href":"https:\/\/mpfred.com\/es\/wp-json\/wp\/v2\/product_tag?post=1111"}],"curies":[{"name":"wp","href":"https:\/\/api.w.org\/{rel}","templated":true}]}}