{"id":1105,"date":"2023-12-13T17:06:25","date_gmt":"2023-12-13T16:06:25","guid":{"rendered":"https:\/\/mpfred.com\/?post_type=product&#038;p=1105"},"modified":"2025-08-01T10:50:10","modified_gmt":"2025-08-01T09:50:10","slug":"cbm-d-caja-de-ventilacion","status":"publish","type":"product","link":"https:\/\/mpfred.com\/es\/producte\/cbm-d-caja-de-ventilacion\/","title":{"rendered":"CBM-D Caja de Ventilaci\u00f3n"},"content":{"rendered":"<ul>\n<li>Caudales: desde 1.700 hasta 10.200m3\/h.<\/li>\n<li>Envolvente y turbina en chapa de acero galvanizado, el rodete de tipo acci\u00f3n, doble aspiraci\u00f3n, con aletas curvadas hacia delante.<\/li>\n<li>Turbina equilibrada din\u00e1micamente seg\u00fan norma ISO 1940, para reducir el ruido y evitar vibraciones.<\/li>\n<li>Motor el\u00e9ctrico acoplado de tipo cerrado, aislamiento tipo F(IP55) con carcasa de aluminio.<\/li>\n<li>Condensador permanente. De 4 \u00f3 6 polos regulables por tensi\u00f3n en motores monof\u00e1sicos 230V-50 Hz regulables opcionalmente con convertidor de frecuencia en motores trif\u00e1sicos 230\/400V 50 Hz.<\/li>\n<li>Fijaci\u00f3n del motor mediante brazos flectores con silentblocks en cumplimiento de la directiva ROHS 2002\/95\/EC.<\/li>\n<li>Bajo demanda se pueden suministrar ventiladores de tres velocidades en determinados modelos (consultar).<\/li>\n<li>Los pies soporte incluidos permiten cuatro posiciones de la boca de descarga.<\/li>\n<li>La temperatura del aire no debe sobrepasar los 45\u00b0C.<\/li>\n<\/ul>\n<p><a href=\"https:\/\/mpfred.com\/wp-content\/uploads\/2023\/12\/02-Ventilacion-CBM_D_compressed.pdf\" target=\"_blank\" rel=\"noopener\"><img loading=\"lazy\" decoding=\"async\" class=\"alignnone wp-image-355 size-full\" src=\"https:\/\/mpfred.com\/wp-content\/uploads\/2023\/11\/pdf.png\" alt=\"\" width=\"64\" height=\"64\" \/><\/a><\/p>\n<p style=\"text-align: left;\">\u00a0 \u00a0 \u00a0 \u00a0 <a href=\"https:\/\/mpfred.com\/wp-content\/uploads\/2023\/12\/02-Ventilacion-CBM_D_compressed.pdf\" target=\"_blank\" rel=\"noopener\">Cat\u00e0leg PDF<\/a><\/p>\n","protected":false},"excerpt":{"rendered":"<p>Caudales: desde 1.700 hasta 10.200m3\/h. Envolvente y turbina en chapa de acero galvanizado, el rodete de tipo acci\u00f3n, doble aspiraci\u00f3n, con aletas curvadas hacia delante. Turbina equilibrada din\u00e1micamente seg\u00fan norma ISO 1940, para reducir el ruido y evitar vibraciones. Motor el\u00e9ctrico acoplado de tipo cerrado, aislamiento tipo F(IP55) con carcasa de aluminio. Condensador permanente. De [&hellip;]<\/p>\n","protected":false},"featured_media":1109,"template":"","meta":{"_seopress_robots_primary_cat":"none","_seopress_titles_title":"","_seopress_titles_desc":"","_seopress_robots_index":""},"product_brand":[136],"product_cat":[78,76],"product_tag":[],"class_list":{"0":"post-1105","1":"product","2":"type-product","3":"status-publish","4":"has-post-thumbnail","6":"product_brand-luymar","7":"product_cat-vent-industrial","8":"product_cat-ventiladors","10":"first","11":"instock","12":"featured","13":"shipping-taxable","14":"product-type-simple"},"_links":{"self":[{"href":"https:\/\/mpfred.com\/es\/wp-json\/wp\/v2\/product\/1105","targetHints":{"allow":["GET"]}}],"collection":[{"href":"https:\/\/mpfred.com\/es\/wp-json\/wp\/v2\/product"}],"about":[{"href":"https:\/\/mpfred.com\/es\/wp-json\/wp\/v2\/types\/product"}],"wp:featuredmedia":[{"embeddable":true,"href":"https:\/\/mpfred.com\/es\/wp-json\/wp\/v2\/media\/1109"}],"wp:attachment":[{"href":"https:\/\/mpfred.com\/es\/wp-json\/wp\/v2\/media?parent=1105"}],"wp:term":[{"taxonomy":"product_brand","embeddable":true,"href":"https:\/\/mpfred.com\/es\/wp-json\/wp\/v2\/product_brand?post=1105"},{"taxonomy":"product_cat","embeddable":true,"href":"https:\/\/mpfred.com\/es\/wp-json\/wp\/v2\/product_cat?post=1105"},{"taxonomy":"product_tag","embeddable":true,"href":"https:\/\/mpfred.com\/es\/wp-json\/wp\/v2\/product_tag?post=1105"}],"curies":[{"name":"wp","href":"https:\/\/api.w.org\/{rel}","templated":true}]}}