{"id":1091,"date":"2023-12-13T16:56:57","date_gmt":"2023-12-13T15:56:57","guid":{"rendered":"https:\/\/mpfred.com\/?post_type=product&#038;p=1091"},"modified":"2025-08-01T10:50:10","modified_gmt":"2025-08-01T09:50:10","slug":"ld-ventiladores-de-bano-silenciosos","status":"publish","type":"product","link":"https:\/\/mpfred.com\/es\/producte\/ld-ventiladores-de-bano-silenciosos\/","title":{"rendered":"LD Ventiladores de Ba\u00f1o Silenciosos"},"content":{"rendered":"<ul>\n<li>\u00a0Nuevo dise\u00f1o moderno, especialmente hecho para ba\u00f1os.<\/li>\n<li>Carcasa de pl\u00e1stico blanco (LD), de pl\u00e1stico pintado color Aluminium (LD Alu-mat) o de Aluminium (LDA).<\/li>\n<li>Intalaci\u00f3n en pared o techo.<\/li>\n<li>Compuertas antiretorno.<\/li>\n<li>Funcionamiento silencioso, con opci\u00f3n super-silenciosa (Q).<\/li>\n<li>Montaje sencillo.<\/li>\n<\/ul>\n<p>&nbsp;<\/p>\n<ul>\n<li>Opciones:<br \/>\nT: Temporizador.<br \/>\nQ: Versi\u00f3n super-silenciosa.<br \/>\nH: Sensor de humedad.<\/li>\n<\/ul>\n<p><a href=\"https:\/\/mpfred.com\/wp-content\/uploads\/2023\/12\/02-VENTILADORES-DOMESTICOS-LD_compressed.pdf\" target=\"_blank\" rel=\"noopener\"><img loading=\"lazy\" decoding=\"async\" class=\"alignnone wp-image-355 size-full\" src=\"https:\/\/mpfred.com\/wp-content\/uploads\/2023\/11\/pdf.png\" alt=\"\" width=\"64\" height=\"64\" \/><\/a><\/p>\n<p style=\"text-align: left;\">\u00a0 \u00a0 \u00a0 \u00a0 <a href=\"https:\/\/mpfred.com\/wp-content\/uploads\/2023\/12\/02-VENTILADORES-DOMESTICOS-LD_compressed.pdf\" target=\"_blank\" rel=\"noopener\">Cat\u00e0leg PDF<\/a><\/p>\n","protected":false},"excerpt":{"rendered":"<p>\u00a0Nuevo dise\u00f1o moderno, especialmente hecho para ba\u00f1os. Carcasa de pl\u00e1stico blanco (LD), de pl\u00e1stico pintado color Aluminium (LD Alu-mat) o de Aluminium (LDA). Intalaci\u00f3n en pared o techo. Compuertas antiretorno. Funcionamiento silencioso, con opci\u00f3n super-silenciosa (Q). Montaje sencillo. &nbsp; Opciones: T: Temporizador. Q: Versi\u00f3n super-silenciosa. H: Sensor de humedad. \u00a0 \u00a0 \u00a0 \u00a0 Cat\u00e0leg PDF<\/p>\n","protected":false},"featured_media":1096,"template":"","meta":{"_seopress_robots_primary_cat":"none","_seopress_titles_title":"","_seopress_titles_desc":"","_seopress_robots_index":""},"product_brand":[136],"product_cat":[77,76],"product_tag":[],"class_list":{"0":"post-1091","1":"product","2":"type-product","3":"status-publish","4":"has-post-thumbnail","6":"product_brand-luymar","7":"product_cat-vent-domestica","8":"product_cat-ventiladors","10":"first","11":"instock","12":"featured","13":"shipping-taxable","14":"product-type-simple"},"_links":{"self":[{"href":"https:\/\/mpfred.com\/es\/wp-json\/wp\/v2\/product\/1091","targetHints":{"allow":["GET"]}}],"collection":[{"href":"https:\/\/mpfred.com\/es\/wp-json\/wp\/v2\/product"}],"about":[{"href":"https:\/\/mpfred.com\/es\/wp-json\/wp\/v2\/types\/product"}],"wp:featuredmedia":[{"embeddable":true,"href":"https:\/\/mpfred.com\/es\/wp-json\/wp\/v2\/media\/1096"}],"wp:attachment":[{"href":"https:\/\/mpfred.com\/es\/wp-json\/wp\/v2\/media?parent=1091"}],"wp:term":[{"taxonomy":"product_brand","embeddable":true,"href":"https:\/\/mpfred.com\/es\/wp-json\/wp\/v2\/product_brand?post=1091"},{"taxonomy":"product_cat","embeddable":true,"href":"https:\/\/mpfred.com\/es\/wp-json\/wp\/v2\/product_cat?post=1091"},{"taxonomy":"product_tag","embeddable":true,"href":"https:\/\/mpfred.com\/es\/wp-json\/wp\/v2\/product_tag?post=1091"}],"curies":[{"name":"wp","href":"https:\/\/api.w.org\/{rel}","templated":true}]}}