{"id":1071,"date":"2023-12-13T16:45:31","date_gmt":"2023-12-13T15:45:31","guid":{"rendered":"https:\/\/mpfred.com\/?post_type=product&#038;p=1071"},"modified":"2025-08-01T10:50:10","modified_gmt":"2025-08-01T09:50:10","slug":"b3-ventiladores-de-bano-bajo-consumo","status":"publish","type":"product","link":"https:\/\/mpfred.com\/es\/producte\/b3-ventiladores-de-bano-bajo-consumo\/","title":{"rendered":"B3 Ventiladores de Ba\u00f1o Bajo Consumo"},"content":{"rendered":"<ul>\n<li>Nuevo dise\u00f1o moderno, especialmente hecho para ba\u00f1os.<\/li>\n<li>Instalaci\u00f3n en pared o en techo.<\/li>\n<li>Funcionamiento silencioso.<\/li>\n<li>Montaje sencillo.<\/li>\n<\/ul>\n","protected":false},"excerpt":{"rendered":"<p>Nuevo dise\u00f1o moderno, especialmente hecho para ba\u00f1os. Instalaci\u00f3n en pared o en techo. Funcionamiento silencioso. Montaje sencillo.<\/p>\n","protected":false},"featured_media":1073,"template":"","meta":{"_seopress_robots_primary_cat":"none","_seopress_titles_title":"","_seopress_titles_desc":"","_seopress_robots_index":""},"product_brand":[136],"product_cat":[77,76],"product_tag":[],"class_list":{"0":"post-1071","1":"product","2":"type-product","3":"status-publish","4":"has-post-thumbnail","6":"product_brand-luymar","7":"product_cat-vent-domestica","8":"product_cat-ventiladors","10":"first","11":"instock","12":"featured","13":"shipping-taxable","14":"product-type-simple"},"_links":{"self":[{"href":"https:\/\/mpfred.com\/es\/wp-json\/wp\/v2\/product\/1071","targetHints":{"allow":["GET"]}}],"collection":[{"href":"https:\/\/mpfred.com\/es\/wp-json\/wp\/v2\/product"}],"about":[{"href":"https:\/\/mpfred.com\/es\/wp-json\/wp\/v2\/types\/product"}],"wp:featuredmedia":[{"embeddable":true,"href":"https:\/\/mpfred.com\/es\/wp-json\/wp\/v2\/media\/1073"}],"wp:attachment":[{"href":"https:\/\/mpfred.com\/es\/wp-json\/wp\/v2\/media?parent=1071"}],"wp:term":[{"taxonomy":"product_brand","embeddable":true,"href":"https:\/\/mpfred.com\/es\/wp-json\/wp\/v2\/product_brand?post=1071"},{"taxonomy":"product_cat","embeddable":true,"href":"https:\/\/mpfred.com\/es\/wp-json\/wp\/v2\/product_cat?post=1071"},{"taxonomy":"product_tag","embeddable":true,"href":"https:\/\/mpfred.com\/es\/wp-json\/wp\/v2\/product_tag?post=1071"}],"curies":[{"name":"wp","href":"https:\/\/api.w.org\/{rel}","templated":true}]}}