{"id":1046,"date":"2023-12-12T17:52:41","date_gmt":"2023-12-12T16:52:41","guid":{"rendered":"https:\/\/mpfred.com\/?post_type=product&#038;p=1046"},"modified":"2025-08-01T10:50:10","modified_gmt":"2025-08-01T09:50:10","slug":"lzt-p4","status":"publish","type":"product","link":"https:\/\/mpfred.com\/es\/producte\/lzt-p4\/","title":{"rendered":"LZT-P4"},"content":{"rendered":"<ul>\n<li>Bombas de calor aire\/agua de alta eficiencia con compresores E.V.I para instalaciones a 4 tubos<br \/>\n20 \u00f7 210 kW<br \/>\nLas bombas de calor aire\/agua de alta eficiencia de la serie LZT\/P4 est\u00e1n dise\u00f1adas para instalaciones de refrigeraci\u00f3n y calefacci\u00f3n a 4 tubos, las cuales permiten la producci\u00f3n simult\u00e1nea \u00f3 independiente de agua fr\u00eda para refrigeraci\u00f3n y agua caliente para calefacci\u00f3n.<\/li>\n<\/ul>\n<p><a href=\"https:\/\/mpfred.com\/wp-content\/uploads\/2023\/12\/LZT-P4_ESP_compressed.pdf\" target=\"_blank\" rel=\"noopener\"><img loading=\"lazy\" decoding=\"async\" class=\"alignnone wp-image-355 size-full\" src=\"https:\/\/mpfred.com\/wp-content\/uploads\/2023\/11\/pdf.png\" alt=\"\" width=\"64\" height=\"64\" \/><\/a><\/p>\n<p style=\"text-align: left;\">\u00a0 \u00a0 \u00a0 \u00a0 <a href=\"https:\/\/mpfred.com\/wp-content\/uploads\/2023\/12\/LZT-P4_ESP_compressed.pdf\" target=\"_blank\" rel=\"noopener\">Cat\u00e0leg PDF<\/a><\/p>\n","protected":false},"excerpt":{"rendered":"<p>Bombas de calor aire\/agua de alta eficiencia con compresores E.V.I para instalaciones a 4 tubos 20 \u00f7 210 kW Las bombas de calor aire\/agua de alta eficiencia de la serie LZT\/P4 est\u00e1n dise\u00f1adas para instalaciones de refrigeraci\u00f3n y calefacci\u00f3n a 4 tubos, las cuales permiten la producci\u00f3n simult\u00e1nea \u00f3 independiente de agua fr\u00eda para refrigeraci\u00f3n [&hellip;]<\/p>\n","protected":false},"featured_media":1049,"template":"","meta":{"_seopress_robots_primary_cat":"none","_seopress_titles_title":"","_seopress_titles_desc":"","_seopress_robots_index":""},"product_brand":[135],"product_cat":[75,72],"product_tag":[],"class_list":{"0":"post-1046","1":"product","2":"type-product","3":"status-publish","4":"has-post-thumbnail","6":"product_brand-hidros","7":"product_cat-bombes-calor-4t","8":"product_cat-refredadors-i-bombes-calor","10":"first","11":"instock","12":"featured","13":"shipping-taxable","14":"product-type-simple"},"_links":{"self":[{"href":"https:\/\/mpfred.com\/es\/wp-json\/wp\/v2\/product\/1046","targetHints":{"allow":["GET"]}}],"collection":[{"href":"https:\/\/mpfred.com\/es\/wp-json\/wp\/v2\/product"}],"about":[{"href":"https:\/\/mpfred.com\/es\/wp-json\/wp\/v2\/types\/product"}],"wp:featuredmedia":[{"embeddable":true,"href":"https:\/\/mpfred.com\/es\/wp-json\/wp\/v2\/media\/1049"}],"wp:attachment":[{"href":"https:\/\/mpfred.com\/es\/wp-json\/wp\/v2\/media?parent=1046"}],"wp:term":[{"taxonomy":"product_brand","embeddable":true,"href":"https:\/\/mpfred.com\/es\/wp-json\/wp\/v2\/product_brand?post=1046"},{"taxonomy":"product_cat","embeddable":true,"href":"https:\/\/mpfred.com\/es\/wp-json\/wp\/v2\/product_cat?post=1046"},{"taxonomy":"product_tag","embeddable":true,"href":"https:\/\/mpfred.com\/es\/wp-json\/wp\/v2\/product_tag?post=1046"}],"curies":[{"name":"wp","href":"https:\/\/api.w.org\/{rel}","templated":true}]}}