{"id":1031,"date":"2023-12-12T17:42:05","date_gmt":"2023-12-12T16:42:05","guid":{"rendered":"https:\/\/mpfred.com\/?post_type=product&#038;p=1031"},"modified":"2025-08-01T10:50:10","modified_gmt":"2025-08-01T09:50:10","slug":"lzti-sw6","status":"publish","type":"product","link":"https:\/\/mpfred.com\/es\/producte\/lzti-sw6\/","title":{"rendered":"LZTi-SW6"},"content":{"rendered":"<ul>\n<li>Bombas de calor aire\/agua con compresor DC INVERTER de inyecci\u00f3n de vapor (EVI)<br \/>\n7 \u00f7 20 kW<\/p>\n<p>Las bombas de calor aire\/agua de alta eficiencia serie LZTi est\u00e1n particularmente adaptadas para aplicaciones con sistemas de calefacci\u00f3n por paneles radiantes \u00f3 para aquellas aplicaciones en las que sea necesaria la m\u00e1xima eficiencia en modo calefacci\u00f3n.<\/li>\n<\/ul>\n<p><a href=\"https:\/\/mpfred.com\/wp-content\/uploads\/2023\/12\/LZTI-SW6_compressed.pdf\" target=\"_blank\" rel=\"noopener\"><img loading=\"lazy\" decoding=\"async\" class=\"alignnone wp-image-355 size-full\" src=\"https:\/\/mpfred.com\/wp-content\/uploads\/2023\/11\/pdf.png\" alt=\"\" width=\"64\" height=\"64\" \/><\/a><\/p>\n<p style=\"text-align: left;\">\u00a0 \u00a0 \u00a0 \u00a0 <a href=\"https:\/\/mpfred.com\/wp-content\/uploads\/2023\/12\/LZTI-SW6_compressed.pdf\" target=\"_blank\" rel=\"noopener\">Cat\u00e0leg PDF<\/a><\/p>\n","protected":false},"excerpt":{"rendered":"<p>Bombas de calor aire\/agua con compresor DC INVERTER de inyecci\u00f3n de vapor (EVI) 7 \u00f7 20 kW Las bombas de calor aire\/agua de alta eficiencia serie LZTi est\u00e1n particularmente adaptadas para aplicaciones con sistemas de calefacci\u00f3n por paneles radiantes \u00f3 para aquellas aplicaciones en las que sea necesaria la m\u00e1xima eficiencia en modo calefacci\u00f3n. \u00a0 [&hellip;]<\/p>\n","protected":false},"featured_media":1034,"template":"","meta":{"_seopress_robots_primary_cat":"none","_seopress_titles_title":"","_seopress_titles_desc":"","_seopress_robots_index":""},"product_brand":[135],"product_cat":[75,72],"product_tag":[],"class_list":{"0":"post-1031","1":"product","2":"type-product","3":"status-publish","4":"has-post-thumbnail","6":"product_brand-hidros","7":"product_cat-bombes-calor-4t","8":"product_cat-refredadors-i-bombes-calor","10":"first","11":"instock","12":"featured","13":"shipping-taxable","14":"product-type-simple"},"_links":{"self":[{"href":"https:\/\/mpfred.com\/es\/wp-json\/wp\/v2\/product\/1031","targetHints":{"allow":["GET"]}}],"collection":[{"href":"https:\/\/mpfred.com\/es\/wp-json\/wp\/v2\/product"}],"about":[{"href":"https:\/\/mpfred.com\/es\/wp-json\/wp\/v2\/types\/product"}],"wp:featuredmedia":[{"embeddable":true,"href":"https:\/\/mpfred.com\/es\/wp-json\/wp\/v2\/media\/1034"}],"wp:attachment":[{"href":"https:\/\/mpfred.com\/es\/wp-json\/wp\/v2\/media?parent=1031"}],"wp:term":[{"taxonomy":"product_brand","embeddable":true,"href":"https:\/\/mpfred.com\/es\/wp-json\/wp\/v2\/product_brand?post=1031"},{"taxonomy":"product_cat","embeddable":true,"href":"https:\/\/mpfred.com\/es\/wp-json\/wp\/v2\/product_cat?post=1031"},{"taxonomy":"product_tag","embeddable":true,"href":"https:\/\/mpfred.com\/es\/wp-json\/wp\/v2\/product_tag?post=1031"}],"curies":[{"name":"wp","href":"https:\/\/api.w.org\/{rel}","templated":true}]}}