{"id":1011,"date":"2023-12-12T17:31:45","date_gmt":"2023-12-12T16:31:45","guid":{"rendered":"https:\/\/mpfred.com\/?post_type=product&#038;p=1011"},"modified":"2025-08-01T10:50:10","modified_gmt":"2025-08-01T09:50:10","slug":"wzt","status":"publish","type":"product","link":"https:\/\/mpfred.com\/es\/producte\/wzt\/","title":{"rendered":"WZT"},"content":{"rendered":"<ul>\n<li>Bombas de calor partidas (dos secciones) aire\/agua de alta eficiencia con compresor E.V.I.<br \/>\n20 \u00f7 100 kW<\/p>\n<p>Las bombas de calor aire\/agua de alta eficiencia de la serie WZT, en versi\u00f3n NN (s\u00faper silenciada), est\u00e1n particularmente dise\u00f1adas para aplicaciones en las que sea necesaria la m\u00e1xima eficiencia en modo calefacci\u00f3n y con un nivel sonoro extremadamente bajo.<\/li>\n<\/ul>\n<p><a href=\"https:\/\/mpfred.com\/wp-content\/uploads\/2023\/12\/WZT_ESP_compressed.pdf\" target=\"_blank\" rel=\"noopener\"><img loading=\"lazy\" decoding=\"async\" class=\"alignnone wp-image-355 size-full\" src=\"https:\/\/mpfred.com\/wp-content\/uploads\/2023\/11\/pdf.png\" alt=\"\" width=\"64\" height=\"64\" \/><\/a><\/p>\n<p style=\"text-align: left;\">\u00a0 \u00a0 \u00a0 \u00a0 <a href=\"https:\/\/mpfred.com\/wp-content\/uploads\/2023\/12\/WZT_ESP_compressed.pdf\" target=\"_blank\" rel=\"noopener\">Cat\u00e0leg PDF<\/a><\/p>\n","protected":false},"excerpt":{"rendered":"<p>Bombas de calor partidas (dos secciones) aire\/agua de alta eficiencia con compresor E.V.I. 20 \u00f7 100 kW Las bombas de calor aire\/agua de alta eficiencia de la serie WZT, en versi\u00f3n NN (s\u00faper silenciada), est\u00e1n particularmente dise\u00f1adas para aplicaciones en las que sea necesaria la m\u00e1xima eficiencia en modo calefacci\u00f3n y con un nivel sonoro [&hellip;]<\/p>\n","protected":false},"featured_media":1014,"template":"","meta":{"_seopress_robots_primary_cat":"none","_seopress_titles_title":"","_seopress_titles_desc":"","_seopress_robots_index":""},"product_brand":[135],"product_cat":[74,72],"product_tag":[],"class_list":{"0":"post-1011","1":"product","2":"type-product","3":"status-publish","4":"has-post-thumbnail","6":"product_brand-hidros","7":"product_cat-bombes-calor-2t","8":"product_cat-refredadors-i-bombes-calor","10":"first","11":"instock","12":"featured","13":"shipping-taxable","14":"product-type-simple"},"_links":{"self":[{"href":"https:\/\/mpfred.com\/es\/wp-json\/wp\/v2\/product\/1011","targetHints":{"allow":["GET"]}}],"collection":[{"href":"https:\/\/mpfred.com\/es\/wp-json\/wp\/v2\/product"}],"about":[{"href":"https:\/\/mpfred.com\/es\/wp-json\/wp\/v2\/types\/product"}],"wp:featuredmedia":[{"embeddable":true,"href":"https:\/\/mpfred.com\/es\/wp-json\/wp\/v2\/media\/1014"}],"wp:attachment":[{"href":"https:\/\/mpfred.com\/es\/wp-json\/wp\/v2\/media?parent=1011"}],"wp:term":[{"taxonomy":"product_brand","embeddable":true,"href":"https:\/\/mpfred.com\/es\/wp-json\/wp\/v2\/product_brand?post=1011"},{"taxonomy":"product_cat","embeddable":true,"href":"https:\/\/mpfred.com\/es\/wp-json\/wp\/v2\/product_cat?post=1011"},{"taxonomy":"product_tag","embeddable":true,"href":"https:\/\/mpfred.com\/es\/wp-json\/wp\/v2\/product_tag?post=1011"}],"curies":[{"name":"wp","href":"https:\/\/api.w.org\/{rel}","templated":true}]}}